{"id":4027,"date":"2026-04-02T03:04:02","date_gmt":"2026-04-02T03:04:02","guid":{"rendered":"https:\/\/silecrafts.com\/?post_type=product&#038;p=4027"},"modified":"2026-04-02T03:12:44","modified_gmt":"2026-04-02T03:12:44","slug":"etkvr-kit-de-recanto-para-livros-para-gatos","status":"publish","type":"product","link":"https:\/\/silecrafts.com\/pt\/product\/etkvr-kit-de-recanto-para-livros-para-gatos\/","title":{"rendered":"ETKVR DIY Book Nook Kit - Cat Affairs\u2019 Bureau"},"content":{"rendered":"<p data-start=\"291\" data-end=\"934\">Nosso <strong>Kit de recanto para livros DIY<\/strong> para adultos s\u00e3o modelos detalhados de cenas em miniatura projetados para recriar espa\u00e7os internos encantadores em um formato compacto e art\u00edstico. Fabricados com materiais de alta qualidade <strong data-start=\"458\" data-end=\"522\">Componentes de quebra-cabe\u00e7as de madeira com textura natural de madeira<\/strong>, Cada kit \u00e9 fabricado com <strong data-start=\"555\" data-end=\"609\">tecnologia de corte a laser de precis\u00e3o e impress\u00e3o UV<\/strong>, garantindo encaixe preciso, gr\u00e1ficos v\u00edvidos e qualidade consistente do produto. A sala de miniaturas \u00e9 aprimorada com <strong data-start=\"722\" data-end=\"743\">ilumina\u00e7\u00e3o LED quente<\/strong>, criando uma atmosfera realista que d\u00e1 vida ao pequeno espa\u00e7o. Com um <strong data-start=\"821\" data-end=\"866\">tempo de montagem de aproximadamente 8 a 10 horas<\/strong>, O kit oferece uma experi\u00eancia de constru\u00e7\u00e3o DIY relaxante e envolvente.<\/p>\n<p data-start=\"936\" data-end=\"1259\">Esses <strong>Kit de recanto de livros DIY para adultos\u00a0<\/strong>combinam artesanato, criatividade e narra\u00e7\u00e3o de hist\u00f3rias, tornando-os populares no mercado global de hobbies e colecion\u00e1veis. Os detalhes realistas, as estruturas arquitet\u00f4nicas e os elementos decorativos permitem que os usu\u00e1rios construam belas salas em miniatura, como est\u00fadios, bibliotecas, caf\u00e9s ou espa\u00e7os de conviv\u00eancia.<\/p>\n<h2 data-section-id=\"1ma7m6t\" data-start=\"1738\" data-end=\"1753\">Principais recursos do DIY Book Nook Kit para adultos<\/h2>\n<ul data-start=\"1755\" data-end=\"2312\">\n<li data-section-id=\"ycegak\" data-start=\"1755\" data-end=\"1856\">\n<p data-start=\"1757\" data-end=\"1856\"><strong data-start=\"1757\" data-end=\"1785\">Estrutura de madeira premium<\/strong><br data-start=\"1785\" data-end=\"1788\" \/>Dur\u00e1vel <strong data-start=\"1798\" data-end=\"1829\">Pain\u00e9is de madeira para quebra-cabe\u00e7as<\/strong> com textura de madeira natural.<\/p>\n<\/li>\n<li data-section-id=\"1nuk5hp\" data-start=\"1858\" data-end=\"1976\">\n<p data-start=\"1860\" data-end=\"1976\"><strong data-start=\"1860\" data-end=\"1887\">Manufatura de precis\u00e3o<\/strong><br data-start=\"1887\" data-end=\"1890\" \/>Produzido com <strong data-start=\"1906\" data-end=\"1937\">Impress\u00e3o UV + corte a laser<\/strong> para obter bordas limpas e montagem precisa.<\/p>\n<\/li>\n<li data-section-id=\"14d8ezq\" data-start=\"1978\" data-end=\"2093\">\n<p data-start=\"1980\" data-end=\"2093\"><strong data-start=\"1980\" data-end=\"2008\">Efeito de ilumina\u00e7\u00e3o LED quente<\/strong><br data-start=\"2008\" data-end=\"2011\" \/>A luz quente integrada aumenta o realismo e cria um ambiente aconchegante em miniatura.<\/p>\n<\/li>\n<li data-section-id=\"1f66j97\" data-start=\"2095\" data-end=\"2205\">\n<p data-start=\"2097\" data-end=\"2205\"><strong data-start=\"2097\" data-end=\"2124\">Experi\u00eancia DIY envolvente<\/strong><br data-start=\"2124\" data-end=\"2127\" \/>Tempo de montagem <strong data-start=\"2150\" data-end=\"2164\">8 a 10 horas<\/strong>, oferecendo um processo criativo satisfat\u00f3rio.<\/p>\n<\/li>\n<li data-section-id=\"d1z0qi\" data-start=\"2207\" data-end=\"2312\">\n<p data-start=\"2209\" data-end=\"2312\"><strong data-start=\"2209\" data-end=\"2232\">OEM e ODM dispon\u00edveis<\/strong><br data-start=\"2232\" data-end=\"2235\" \/>Temas personalizados, rotulagem privada, design de embalagens e desenvolvimento de produtos.<\/p>\n<\/li>\n<\/ul>\n<p>&nbsp;<\/p>\n<p>&nbsp;<\/p>\n<table style=\"border-collapse: collapse; width: 100%; height: 44px;\">\n<tbody>\n<tr style=\"height: 20px;\">\n<td style=\"width: 50%; height: 20px;\"><img decoding=\"async\" class=\"lazyload alignnone size-full wp-image-4028\" src=\"https:\/\/silecrafts.com\/wp-content\/uploads\/2026\/04\/5-5.jpg\" data-orig-src=\"https:\/\/silecrafts.com\/wp-content\/uploads\/2026\/04\/5-5.jpg\" alt=\"\" width=\"640\" height=\"640\" srcset=\"data:image\/svg+xml,%3Csvg%20xmlns%3D%27http%3A%2F%2Fwww.w3.org%2F2000%2Fsvg%27%20width%3D%27640%27%20height%3D%27640%27%20viewBox%3D%270%200%20640%20640%27%3E%3Crect%20width%3D%27640%27%20height%3D%27640%27%20fill-opacity%3D%220%22%2F%3E%3C%2Fsvg%3E\" data-srcset=\"https:\/\/silecrafts.com\/wp-content\/uploads\/2026\/04\/5-5-12x12.jpg 12w, https:\/\/silecrafts.com\/wp-content\/uploads\/2026\/04\/5-5-66x66.jpg 66w, https:\/\/silecrafts.com\/wp-content\/uploads\/2026\/04\/5-5-150x150.jpg 150w, https:\/\/silecrafts.com\/wp-content\/uploads\/2026\/04\/5-5-200x200.jpg 200w, https:\/\/silecrafts.com\/wp-content\/uploads\/2026\/04\/5-5-300x300.jpg 300w, https:\/\/silecrafts.com\/wp-content\/uploads\/2026\/04\/5-5-400x400.jpg 400w, https:\/\/silecrafts.com\/wp-content\/uploads\/2026\/04\/5-5-500x500.jpg 500w, https:\/\/silecrafts.com\/wp-content\/uploads\/2026\/04\/5-5-600x600.jpg 600w, https:\/\/silecrafts.com\/wp-content\/uploads\/2026\/04\/5-5.jpg 640w\" data-sizes=\"auto\" data-orig-sizes=\"(max-width: 640px) 100vw, 640px\" \/><\/td>\n<td style=\"width: 50%; height: 20px;\"><img decoding=\"async\" class=\"lazyload alignnone size-full wp-image-4029\" src=\"https:\/\/silecrafts.com\/wp-content\/uploads\/2026\/04\/1-5.jpg\" data-orig-src=\"https:\/\/silecrafts.com\/wp-content\/uploads\/2026\/04\/1-5.jpg\" alt=\"\" width=\"640\" height=\"640\" srcset=\"data:image\/svg+xml,%3Csvg%20xmlns%3D%27http%3A%2F%2Fwww.w3.org%2F2000%2Fsvg%27%20width%3D%27640%27%20height%3D%27640%27%20viewBox%3D%270%200%20640%20640%27%3E%3Crect%20width%3D%27640%27%20height%3D%27640%27%20fill-opacity%3D%220%22%2F%3E%3C%2Fsvg%3E\" data-srcset=\"https:\/\/silecrafts.com\/wp-content\/uploads\/2026\/04\/1-5-12x12.jpg 12w, https:\/\/silecrafts.com\/wp-content\/uploads\/2026\/04\/1-5-66x66.jpg 66w, https:\/\/silecrafts.com\/wp-content\/uploads\/2026\/04\/1-5-150x150.jpg 150w, https:\/\/silecrafts.com\/wp-content\/uploads\/2026\/04\/1-5-200x200.jpg 200w, https:\/\/silecrafts.com\/wp-content\/uploads\/2026\/04\/1-5-300x300.jpg 300w, https:\/\/silecrafts.com\/wp-content\/uploads\/2026\/04\/1-5-400x400.jpg 400w, https:\/\/silecrafts.com\/wp-content\/uploads\/2026\/04\/1-5-500x500.jpg 500w, https:\/\/silecrafts.com\/wp-content\/uploads\/2026\/04\/1-5-600x600.jpg 600w, https:\/\/silecrafts.com\/wp-content\/uploads\/2026\/04\/1-5.jpg 640w\" data-sizes=\"auto\" data-orig-sizes=\"(max-width: 640px) 100vw, 640px\" \/><\/td>\n<\/tr>\n<tr style=\"height: 24px;\">\n<td style=\"width: 50%; height: 24px;\"><img decoding=\"async\" class=\"lazyload alignnone size-full wp-image-4032\" src=\"https:\/\/silecrafts.com\/wp-content\/uploads\/2026\/04\/4-5.jpg\" data-orig-src=\"https:\/\/silecrafts.com\/wp-content\/uploads\/2026\/04\/4-5.jpg\" alt=\"\" width=\"640\" height=\"640\" srcset=\"data:image\/svg+xml,%3Csvg%20xmlns%3D%27http%3A%2F%2Fwww.w3.org%2F2000%2Fsvg%27%20width%3D%27640%27%20height%3D%27640%27%20viewBox%3D%270%200%20640%20640%27%3E%3Crect%20width%3D%27640%27%20height%3D%27640%27%20fill-opacity%3D%220%22%2F%3E%3C%2Fsvg%3E\" data-srcset=\"https:\/\/silecrafts.com\/wp-content\/uploads\/2026\/04\/4-5-12x12.jpg 12w, https:\/\/silecrafts.com\/wp-content\/uploads\/2026\/04\/4-5-66x66.jpg 66w, https:\/\/silecrafts.com\/wp-content\/uploads\/2026\/04\/4-5-150x150.jpg 150w, https:\/\/silecrafts.com\/wp-content\/uploads\/2026\/04\/4-5-200x200.jpg 200w, https:\/\/silecrafts.com\/wp-content\/uploads\/2026\/04\/4-5-300x300.jpg 300w, https:\/\/silecrafts.com\/wp-content\/uploads\/2026\/04\/4-5-400x400.jpg 400w, https:\/\/silecrafts.com\/wp-content\/uploads\/2026\/04\/4-5-500x500.jpg 500w, https:\/\/silecrafts.com\/wp-content\/uploads\/2026\/04\/4-5-600x600.jpg 600w, https:\/\/silecrafts.com\/wp-content\/uploads\/2026\/04\/4-5.jpg 640w\" data-sizes=\"auto\" data-orig-sizes=\"(max-width: 640px) 100vw, 640px\" \/><\/td>\n<td style=\"width: 50%; height: 24px;\"><img decoding=\"async\" class=\"lazyload alignnone size-full wp-image-4030\" src=\"https:\/\/silecrafts.com\/wp-content\/uploads\/2026\/04\/2-5.jpg\" data-orig-src=\"https:\/\/silecrafts.com\/wp-content\/uploads\/2026\/04\/2-5.jpg\" alt=\"\" width=\"640\" height=\"640\" srcset=\"data:image\/svg+xml,%3Csvg%20xmlns%3D%27http%3A%2F%2Fwww.w3.org%2F2000%2Fsvg%27%20width%3D%27640%27%20height%3D%27640%27%20viewBox%3D%270%200%20640%20640%27%3E%3Crect%20width%3D%27640%27%20height%3D%27640%27%20fill-opacity%3D%220%22%2F%3E%3C%2Fsvg%3E\" data-srcset=\"https:\/\/silecrafts.com\/wp-content\/uploads\/2026\/04\/2-5-12x12.jpg 12w, https:\/\/silecrafts.com\/wp-content\/uploads\/2026\/04\/2-5-66x66.jpg 66w, https:\/\/silecrafts.com\/wp-content\/uploads\/2026\/04\/2-5-150x150.jpg 150w, https:\/\/silecrafts.com\/wp-content\/uploads\/2026\/04\/2-5-200x200.jpg 200w, https:\/\/silecrafts.com\/wp-content\/uploads\/2026\/04\/2-5-300x300.jpg 300w, https:\/\/silecrafts.com\/wp-content\/uploads\/2026\/04\/2-5-400x400.jpg 400w, https:\/\/silecrafts.com\/wp-content\/uploads\/2026\/04\/2-5-500x500.jpg 500w, https:\/\/silecrafts.com\/wp-content\/uploads\/2026\/04\/2-5-600x600.jpg 600w, https:\/\/silecrafts.com\/wp-content\/uploads\/2026\/04\/2-5.jpg 640w\" data-sizes=\"auto\" data-orig-sizes=\"(max-width: 640px) 100vw, 640px\" \/><\/td>\n<\/tr>\n<\/tbody>\n<\/table>\n<h1 data-section-id=\"19wyzz3\" data-start=\"2574\" data-end=\"2598\"><span style=\"font-size: 12pt;\">Por que escolher a Sile Crafts?<\/span><\/h1>\n<ul data-start=\"2600\" data-end=\"2838\">\n<li data-section-id=\"jqhhug\" data-start=\"2600\" data-end=\"2641\">\n<p data-start=\"2602\" data-end=\"2641\"><span style=\"font-size: 12pt;\">Profissional <strong data-start=\"2615\" data-end=\"2641\">Fabricante de book nook<\/strong><\/span><\/p>\n<\/li>\n<li data-section-id=\"1ycxzey\" data-start=\"2642\" data-end=\"2696\">\n<p data-start=\"2644\" data-end=\"2696\"><span style=\"font-size: 12pt;\">Forte <strong data-start=\"2651\" data-end=\"2696\">capacidade de design e desenvolvimento de produtos<\/strong><\/span><\/p>\n<\/li>\n<li data-section-id=\"qha5r2\" data-start=\"2697\" data-end=\"2734\">\n<p data-start=\"2699\" data-end=\"2734\"><span style=\"font-size: 12pt;\">Est\u00e1vel <strong data-start=\"2706\" data-end=\"2734\">capacidade de produ\u00e7\u00e3o em massa<\/strong><\/span><\/p>\n<\/li>\n<li data-section-id=\"u6l3nt\" data-start=\"2735\" data-end=\"2783\">\n<p data-start=\"2737\" data-end=\"2783\"><span style=\"font-size: 12pt;\">Confi\u00e1vel <strong data-start=\"2746\" data-end=\"2783\">Suporte OEM\/ODM para marcas globais<\/strong><\/span><\/p>\n<\/li>\n<li data-section-id=\"1jzpcwi\" data-start=\"2784\" data-end=\"2838\">\n<p data-start=\"2786\" data-end=\"2838\"><span style=\"font-size: 12pt;\">Controle de qualidade consistente e fabrica\u00e7\u00e3o precisa<\/span><\/p>\n<\/li>\n<\/ul>\n<p data-start=\"2840\" data-end=\"2963\"><span style=\"font-size: 12pt;\">Nosso objetivo \u00e9 ajudar as marcas a lan\u00e7ar <strong data-start=\"2874\" data-end=\"2908\">produtos artesanais DIY diferenciados<\/strong> que combinam criatividade, qualidade e fornecimento confi\u00e1vel.<\/span><\/p>\n<p data-start=\"2840\" data-end=\"2963\">","protected":false},"excerpt":{"rendered":"<ul>\n<li data-start=\"103\" data-end=\"116\">\n<p data-start=\"105\" data-end=\"116\"><strong data-start=\"105\" data-end=\"114\">Modelo:<\/strong> SL09<\/p>\n<\/li>\n<li data-start=\"117\" data-end=\"146\">\n<p data-start=\"119\" data-end=\"146\"><strong data-start=\"119\" data-end=\"144\">Tamanho do produto acabado:<\/strong>18.25cmL*13cmW*23.5cmH<\/p>\n<\/li>\n<li data-start=\"147\" data-end=\"171\">\n<p data-start=\"149\" data-end=\"171\"><strong data-start=\"149\" data-end=\"169\">Conjunto Tamanho da embalagem:<\/strong>30.2cmL*19.2cmW*5.2cmH<\/p>\n<\/li>\n<li data-start=\"172\" data-end=\"196\">\n<p data-start=\"174\" data-end=\"196\"><strong data-start=\"174\" data-end=\"194\">Peso (por conjunto):<\/strong>1,48 kg<\/p>\n<\/li>\n<li data-start=\"197\" data-end=\"224\">\n<p data-start=\"199\" data-end=\"224\"><strong data-start=\"199\" data-end=\"222\">Quantidade por caixa: <\/strong>14 conjuntos<\/p>\n<\/li>\n<li data-start=\"225\" data-end=\"244\">\n<p data-start=\"227\" data-end=\"244\"><strong data-start=\"227\" data-end=\"242\">Tamanho da caixa: <\/strong>39,5cm*32cm*40cm<\/p>\n<\/li>\n<li data-start=\"245\" data-end=\"283\">\n<p data-start=\"247\" data-end=\"283\"><strong data-start=\"247\" data-end=\"260\">Material:<\/strong> Quebra-cabe\u00e7a de madeira<\/p>\n<\/li>\n<li data-start=\"284\" data-end=\"328\">\n<p data-start=\"286\" data-end=\"328\"><strong data-start=\"286\" data-end=\"298\">Processo:<\/strong> Impress\u00e3o UV + corte a laser<\/p>\n<\/li>\n<li data-start=\"284\" data-end=\"328\">O pacote inclui: Componentes de 400 pe\u00e7as, caixa de bateria e fios, manual de instru\u00e7\u00f5es, acess\u00f3rios de papel e capa protetora contra poeira<\/li>\n<\/ul>","protected":false},"featured_media":4033,"comment_status":"open","ping_status":"closed","template":"","meta":{"content-type":"","_uag_custom_page_level_css":""},"product_brand":[],"product_cat":[40],"product_tag":[],"class_list":{"0":"post-4027","1":"product","2":"type-product","3":"status-publish","4":"has-post-thumbnail","6":"product_cat-diy-book-nook-kit","8":"first","9":"instock","10":"shipping-taxable","11":"product-type-simple"},"uagb_featured_image_src":{"full":["https:\/\/silecrafts.com\/wp-content\/uploads\/2026\/04\/\u732b\u54aa\u4e8b\u52a1\u6240.jpg",640,640,false],"thumbnail":["https:\/\/silecrafts.com\/wp-content\/uploads\/2026\/04\/\u732b\u54aa\u4e8b\u52a1\u6240-150x150.jpg",150,150,true],"medium":["https:\/\/silecrafts.com\/wp-content\/uploads\/2026\/04\/\u732b\u54aa\u4e8b\u52a1\u6240-300x300.jpg",300,300,true],"medium_large":["https:\/\/silecrafts.com\/wp-content\/uploads\/2026\/04\/\u732b\u54aa\u4e8b\u52a1\u6240.jpg",640,640,false],"large":["https:\/\/silecrafts.com\/wp-content\/uploads\/2026\/04\/\u732b\u54aa\u4e8b\u52a1\u6240.jpg",640,640,false],"1536x1536":["https:\/\/silecrafts.com\/wp-content\/uploads\/2026\/04\/\u732b\u54aa\u4e8b\u52a1\u6240.jpg",640,640,false],"2048x2048":["https:\/\/silecrafts.com\/wp-content\/uploads\/2026\/04\/\u732b\u54aa\u4e8b\u52a1\u6240.jpg",640,640,false],"trp-custom-language-flag":["https:\/\/silecrafts.com\/wp-content\/uploads\/2026\/04\/\u732b\u54aa\u4e8b\u52a1\u6240-12x12.jpg",12,12,true],"blog-large":["https:\/\/silecrafts.com\/wp-content\/uploads\/2026\/04\/\u732b\u54aa\u4e8b\u52a1\u6240-640x272.jpg",640,272,true],"blog-medium":["https:\/\/silecrafts.com\/wp-content\/uploads\/2026\/04\/\u732b\u54aa\u4e8b\u52a1\u6240-320x202.jpg",320,202,true],"recent-posts":["https:\/\/silecrafts.com\/wp-content\/uploads\/2026\/04\/\u732b\u54aa\u4e8b\u52a1\u6240-640x441.jpg",640,441,true],"recent-works-thumbnail":["https:\/\/silecrafts.com\/wp-content\/uploads\/2026\/04\/\u732b\u54aa\u4e8b\u52a1\u6240-66x66.jpg",66,66,true],"fusion-200":["https:\/\/silecrafts.com\/wp-content\/uploads\/2026\/04\/\u732b\u54aa\u4e8b\u52a1\u6240-200x200.jpg",200,200,true],"fusion-400":["https:\/\/silecrafts.com\/wp-content\/uploads\/2026\/04\/\u732b\u54aa\u4e8b\u52a1\u6240-400x400.jpg",400,400,true],"fusion-600":["https:\/\/silecrafts.com\/wp-content\/uploads\/2026\/04\/\u732b\u54aa\u4e8b\u52a1\u6240-600x600.jpg",600,600,true],"fusion-800":["https:\/\/silecrafts.com\/wp-content\/uploads\/2026\/04\/\u732b\u54aa\u4e8b\u52a1\u6240.jpg",640,640,false],"fusion-1200":["https:\/\/silecrafts.com\/wp-content\/uploads\/2026\/04\/\u732b\u54aa\u4e8b\u52a1\u6240.jpg",640,640,false],"portfolio-full":["https:\/\/silecrafts.com\/wp-content\/uploads\/2026\/04\/\u732b\u54aa\u4e8b\u52a1\u6240-640x400.jpg",640,400,true],"portfolio-one":["https:\/\/silecrafts.com\/wp-content\/uploads\/2026\/04\/\u732b\u54aa\u4e8b\u52a1\u6240-540x272.jpg",540,272,true],"portfolio-two":["https:\/\/silecrafts.com\/wp-content\/uploads\/2026\/04\/\u732b\u54aa\u4e8b\u52a1\u6240-460x295.jpg",460,295,true],"portfolio-three":["https:\/\/silecrafts.com\/wp-content\/uploads\/2026\/04\/\u732b\u54aa\u4e8b\u52a1\u6240-300x214.jpg",300,214,true],"portfolio-five":["https:\/\/silecrafts.com\/wp-content\/uploads\/2026\/04\/\u732b\u54aa\u4e8b\u52a1\u6240-177x142.jpg",177,142,true],"woocommerce_thumbnail":["https:\/\/silecrafts.com\/wp-content\/uploads\/2026\/04\/\u732b\u54aa\u4e8b\u52a1\u6240-500x500.jpg",500,500,true],"woocommerce_single":["https:\/\/silecrafts.com\/wp-content\/uploads\/2026\/04\/\u732b\u54aa\u4e8b\u52a1\u6240.jpg",640,640,false],"woocommerce_gallery_thumbnail":["https:\/\/silecrafts.com\/wp-content\/uploads\/2026\/04\/\u732b\u54aa\u4e8b\u52a1\u6240-200x200.jpg",200,200,true]},"uagb_author_info":{"display_name":"admin","author_link":"https:\/\/silecrafts.com\/pt\/author\/"},"uagb_comment_info":0,"uagb_excerpt":"Model: SL09 Finished Product Size:18.25cmL*13cmW*23.5cmH Set Package Size:30.2cmL*19.2cmW*5.2cmH Weight (per set):1.48kgs Quantity per Carton: 14 sets Carton Size: 39.5cm*32cm*40cm Material: Wooden Jigsaw Puzzle Process: UV Printing + Laser Cutting Packet include: 400pcs componets, battery box and wires, instruction manual, paper accessories and dust cover","_links":{"self":[{"href":"https:\/\/silecrafts.com\/pt\/wp-json\/wp\/v2\/product\/4027","targetHints":{"allow":["GET"]}}],"collection":[{"href":"https:\/\/silecrafts.com\/pt\/wp-json\/wp\/v2\/product"}],"about":[{"href":"https:\/\/silecrafts.com\/pt\/wp-json\/wp\/v2\/types\/product"}],"replies":[{"embeddable":true,"href":"https:\/\/silecrafts.com\/pt\/wp-json\/wp\/v2\/comments?post=4027"}],"wp:featuredmedia":[{"embeddable":true,"href":"https:\/\/silecrafts.com\/pt\/wp-json\/wp\/v2\/media\/4033"}],"wp:attachment":[{"href":"https:\/\/silecrafts.com\/pt\/wp-json\/wp\/v2\/media?parent=4027"}],"wp:term":[{"taxonomy":"product_brand","embeddable":true,"href":"https:\/\/silecrafts.com\/pt\/wp-json\/wp\/v2\/product_brand?post=4027"},{"taxonomy":"product_cat","embeddable":true,"href":"https:\/\/silecrafts.com\/pt\/wp-json\/wp\/v2\/product_cat?post=4027"},{"taxonomy":"product_tag","embeddable":true,"href":"https:\/\/silecrafts.com\/pt\/wp-json\/wp\/v2\/product_tag?post=4027"}],"curies":[{"name":"wp","href":"https:\/\/api.w.org\/{rel}","templated":true}]}}