{"id":3758,"date":"2026-03-03T00:10:43","date_gmt":"2026-03-03T00:10:43","guid":{"rendered":"https:\/\/silecrafts.com\/?post_type=product&#038;p=3758"},"modified":"2026-03-25T09:49:55","modified_gmt":"2026-03-25T09:49:55","slug":"kit-3-de-recanto-para-livros","status":"publish","type":"product","link":"https:\/\/silecrafts.com\/pt\/product\/kit-3-de-recanto-para-livros\/","title":{"rendered":"ETKVR DIY Book Nook Kit - Dark Family"},"content":{"rendered":"<p data-start=\"206\" data-end=\"875\">O DIY <span class=\"keyword _ngcontent-zpp-113\" aria-hidden=\"false\">kit de recanto para livros<\/span> \u00e9 uma estante em miniatura projetada para transformar uma estante comum em um cen\u00e1rio impressionante para contar hist\u00f3rias. Fabricado com material de alta qualidade <strong data-start=\"366\" data-end=\"430\">Componentes de quebra-cabe\u00e7as de madeira com textura natural de madeira<\/strong>, Cada kit \u00e9 fabricado com <strong data-start=\"463\" data-end=\"506\">Impress\u00e3o UV e corte a laser de precis\u00e3o<\/strong> para garantir gr\u00e1ficos v\u00edvidos, encaixe preciso e montagem suave. O recanto para livros tamb\u00e9m apresenta um <strong data-start=\"614\" data-end=\"642\">Sistema de ilumina\u00e7\u00e3o LED azul<\/strong>, A luz de LED proporciona um brilho suave no ambiente e pode funcionar continuamente em sua estante. A luz de LED proporciona um brilho ambiente suave e pode operar continuamente por <strong data-start=\"818\" data-end=\"832\">8 a 10 horas<\/strong>, O que o torna decorativo e funcional.<\/p>\n<h3 data-section-id=\"1iz91iu\" data-start=\"877\" data-end=\"893\"><span class=\"keyword _ngcontent-zpp-113\" aria-hidden=\"false\">Kit de recanto para livros DIY<\/span> Principais recursos<\/h3>\n<ul data-start=\"895\" data-end=\"1883\">\n<li data-section-id=\"1nr8gek\" data-start=\"895\" data-end=\"1072\">\n<p data-start=\"897\" data-end=\"1072\"><strong data-start=\"897\" data-end=\"925\">Estrutura de madeira premium<\/strong><br data-start=\"925\" data-end=\"928\" \/>Fabricado em material dur\u00e1vel <strong data-start=\"951\" data-end=\"982\">Pain\u00e9is de madeira para quebra-cabe\u00e7as<\/strong> com textura de madeira natural, proporcionando estabilidade e uma apar\u00eancia artesanal de alta qualidade.<\/p>\n<\/li>\n<li data-section-id=\"1atgzny\" data-start=\"1074\" data-end=\"1249\">\n<p data-start=\"1076\" data-end=\"1249\"><strong data-start=\"1076\" data-end=\"1103\">Manufatura de precis\u00e3o<\/strong><br data-start=\"1103\" data-end=\"1106\" \/>Produzido com o uso de <strong data-start=\"1132\" data-end=\"1174\">Impress\u00e3o UV + tecnologia de corte a laser<\/strong>, garantindo bordas limpas, montagem precisa e cores vibrantes de longa dura\u00e7\u00e3o.<\/p>\n<\/li>\n<li data-section-id=\"su5hju\" data-start=\"1251\" data-end=\"1403\">\n<p data-start=\"1253\" data-end=\"1403\"><strong data-start=\"1253\" data-end=\"1281\">Efeito de ilumina\u00e7\u00e3o LED quente<\/strong><br data-start=\"1281\" data-end=\"1284\" \/>Incorporado <strong data-start=\"1295\" data-end=\"1313\">luz LED quente<\/strong> aumenta a profundidade e o realismo da cena em miniatura, criando uma exibi\u00e7\u00e3o aconchegante e envolvente.<\/p>\n<\/li>\n<li data-section-id=\"1482ko5\" data-start=\"1405\" data-end=\"1557\">\n<p data-start=\"1407\" data-end=\"1557\"><strong data-start=\"1407\" data-end=\"1436\">Ilumina\u00e7\u00e3o de longa dura\u00e7\u00e3o<\/strong><br data-start=\"1436\" data-end=\"1439\" \/>O sistema de ilumina\u00e7\u00e3o LED suporta <strong data-start=\"1474\" data-end=\"1506\">8 a 10 horas de uso cont\u00ednuo<\/strong>, Ideal para decora\u00e7\u00e3o de estante ou ambiente noturno.<\/p>\n<\/li>\n<li data-section-id=\"1szeiia\" data-start=\"1559\" data-end=\"1704\">\n<p data-start=\"1561\" data-end=\"1704\"><strong data-start=\"1561\" data-end=\"1588\">Experi\u00eancia criativa de bricolagem<\/strong><br data-start=\"1588\" data-end=\"1591\" \/>Cada kit oferece um processo de montagem pr\u00e1tico e envolvente, combinando criatividade, artesanato e narra\u00e7\u00e3o de hist\u00f3rias.<\/p>\n<\/li>\n<li data-section-id=\"48j9v8\" data-start=\"1706\" data-end=\"1883\">\n<p data-start=\"1708\" data-end=\"1883\"><strong data-start=\"1708\" data-end=\"1729\">Suporte a OEM e ODM<\/strong><br data-start=\"1729\" data-end=\"1732\" \/>Como profissional <strong data-start=\"1752\" data-end=\"1782\"><span class=\"keyword _ngcontent-zpp-113\" aria-hidden=\"false\">kit de miniatura de recanto para livros<\/span> fabricante<\/strong>, Na Am\u00e9rica Latina, apoiamos marcas globais com <strong data-start=\"1814\" data-end=\"1882\">temas personalizados, embalagens, marcas e produ\u00e7\u00e3o de marcas pr\u00f3prias<\/strong><\/p>\n<\/li>\n<\/ul>\n<p>&nbsp;<\/p>\n<table style=\"border-collapse: collapse; width: 100%;\">\n<tbody>\n<tr>\n<td style=\"width: 50%;\"><img decoding=\"async\" class=\"lazyload alignnone wp-image-3738 size-full\" src=\"https:\/\/silecrafts.com\/wp-content\/uploads\/2026\/03\/2.jpg\" data-orig-src=\"https:\/\/silecrafts.com\/wp-content\/uploads\/2026\/03\/2.jpg\" alt=\"kit de miniatura de recanto para livros\" width=\"640\" height=\"640\" srcset=\"data:image\/svg+xml,%3Csvg%20xmlns%3D%27http%3A%2F%2Fwww.w3.org%2F2000%2Fsvg%27%20width%3D%27640%27%20height%3D%27640%27%20viewBox%3D%270%200%20640%20640%27%3E%3Crect%20width%3D%27640%27%20height%3D%27640%27%20fill-opacity%3D%220%22%2F%3E%3C%2Fsvg%3E\" data-srcset=\"https:\/\/silecrafts.com\/wp-content\/uploads\/2026\/03\/2-12x12.jpg 12w, https:\/\/silecrafts.com\/wp-content\/uploads\/2026\/03\/2-66x66.jpg 66w, https:\/\/silecrafts.com\/wp-content\/uploads\/2026\/03\/2-150x150.jpg 150w, https:\/\/silecrafts.com\/wp-content\/uploads\/2026\/03\/2-200x200.jpg 200w, https:\/\/silecrafts.com\/wp-content\/uploads\/2026\/03\/2-300x300.jpg 300w, https:\/\/silecrafts.com\/wp-content\/uploads\/2026\/03\/2-400x400.jpg 400w, https:\/\/silecrafts.com\/wp-content\/uploads\/2026\/03\/2-500x500.jpg 500w, https:\/\/silecrafts.com\/wp-content\/uploads\/2026\/03\/2-600x600.jpg 600w, https:\/\/silecrafts.com\/wp-content\/uploads\/2026\/03\/2.jpg 640w\" data-sizes=\"auto\" data-orig-sizes=\"(max-width: 640px) 100vw, 640px\" \/><\/td>\n<td style=\"width: 50%;\"><img decoding=\"async\" class=\"lazyload alignnone size-full wp-image-3740\" src=\"https:\/\/silecrafts.com\/wp-content\/uploads\/2026\/03\/4.jpg\" data-orig-src=\"https:\/\/silecrafts.com\/wp-content\/uploads\/2026\/03\/4.jpg\" alt=\"\" width=\"640\" height=\"640\" srcset=\"data:image\/svg+xml,%3Csvg%20xmlns%3D%27http%3A%2F%2Fwww.w3.org%2F2000%2Fsvg%27%20width%3D%27640%27%20height%3D%27640%27%20viewBox%3D%270%200%20640%20640%27%3E%3Crect%20width%3D%27640%27%20height%3D%27640%27%20fill-opacity%3D%220%22%2F%3E%3C%2Fsvg%3E\" data-srcset=\"https:\/\/silecrafts.com\/wp-content\/uploads\/2026\/03\/4-12x12.jpg 12w, https:\/\/silecrafts.com\/wp-content\/uploads\/2026\/03\/4-66x66.jpg 66w, https:\/\/silecrafts.com\/wp-content\/uploads\/2026\/03\/4-150x150.jpg 150w, https:\/\/silecrafts.com\/wp-content\/uploads\/2026\/03\/4-200x200.jpg 200w, https:\/\/silecrafts.com\/wp-content\/uploads\/2026\/03\/4-300x300.jpg 300w, https:\/\/silecrafts.com\/wp-content\/uploads\/2026\/03\/4-400x400.jpg 400w, https:\/\/silecrafts.com\/wp-content\/uploads\/2026\/03\/4-500x500.jpg 500w, https:\/\/silecrafts.com\/wp-content\/uploads\/2026\/03\/4-600x600.jpg 600w, https:\/\/silecrafts.com\/wp-content\/uploads\/2026\/03\/4.jpg 640w\" data-sizes=\"auto\" data-orig-sizes=\"(max-width: 640px) 100vw, 640px\" \/><\/td>\n<\/tr>\n<tr>\n<td style=\"width: 50%;\"><img decoding=\"async\" class=\"lazyload alignnone size-full wp-image-3739\" src=\"https:\/\/silecrafts.com\/wp-content\/uploads\/2026\/03\/3.jpg\" data-orig-src=\"https:\/\/silecrafts.com\/wp-content\/uploads\/2026\/03\/3.jpg\" alt=\"\" width=\"640\" height=\"640\" srcset=\"data:image\/svg+xml,%3Csvg%20xmlns%3D%27http%3A%2F%2Fwww.w3.org%2F2000%2Fsvg%27%20width%3D%27640%27%20height%3D%27640%27%20viewBox%3D%270%200%20640%20640%27%3E%3Crect%20width%3D%27640%27%20height%3D%27640%27%20fill-opacity%3D%220%22%2F%3E%3C%2Fsvg%3E\" data-srcset=\"https:\/\/silecrafts.com\/wp-content\/uploads\/2026\/03\/3-12x12.jpg 12w, https:\/\/silecrafts.com\/wp-content\/uploads\/2026\/03\/3-66x66.jpg 66w, https:\/\/silecrafts.com\/wp-content\/uploads\/2026\/03\/3-150x150.jpg 150w, https:\/\/silecrafts.com\/wp-content\/uploads\/2026\/03\/3-200x200.jpg 200w, https:\/\/silecrafts.com\/wp-content\/uploads\/2026\/03\/3-300x300.jpg 300w, https:\/\/silecrafts.com\/wp-content\/uploads\/2026\/03\/3-400x400.jpg 400w, https:\/\/silecrafts.com\/wp-content\/uploads\/2026\/03\/3-500x500.jpg 500w, https:\/\/silecrafts.com\/wp-content\/uploads\/2026\/03\/3-600x600.jpg 600w, https:\/\/silecrafts.com\/wp-content\/uploads\/2026\/03\/3.jpg 640w\" data-sizes=\"auto\" data-orig-sizes=\"(max-width: 640px) 100vw, 640px\" \/><\/td>\n<td style=\"width: 50%;\"><img decoding=\"async\" class=\"lazyload alignnone size-full wp-image-3741\" src=\"https:\/\/silecrafts.com\/wp-content\/uploads\/2026\/03\/5.jpg\" data-orig-src=\"https:\/\/silecrafts.com\/wp-content\/uploads\/2026\/03\/5.jpg\" alt=\"\" width=\"640\" height=\"640\" srcset=\"data:image\/svg+xml,%3Csvg%20xmlns%3D%27http%3A%2F%2Fwww.w3.org%2F2000%2Fsvg%27%20width%3D%27640%27%20height%3D%27640%27%20viewBox%3D%270%200%20640%20640%27%3E%3Crect%20width%3D%27640%27%20height%3D%27640%27%20fill-opacity%3D%220%22%2F%3E%3C%2Fsvg%3E\" data-srcset=\"https:\/\/silecrafts.com\/wp-content\/uploads\/2026\/03\/5-12x12.jpg 12w, https:\/\/silecrafts.com\/wp-content\/uploads\/2026\/03\/5-66x66.jpg 66w, https:\/\/silecrafts.com\/wp-content\/uploads\/2026\/03\/5-150x150.jpg 150w, https:\/\/silecrafts.com\/wp-content\/uploads\/2026\/03\/5-200x200.jpg 200w, https:\/\/silecrafts.com\/wp-content\/uploads\/2026\/03\/5-300x300.jpg 300w, https:\/\/silecrafts.com\/wp-content\/uploads\/2026\/03\/5-400x400.jpg 400w, https:\/\/silecrafts.com\/wp-content\/uploads\/2026\/03\/5-500x500.jpg 500w, https:\/\/silecrafts.com\/wp-content\/uploads\/2026\/03\/5-600x600.jpg 600w, https:\/\/silecrafts.com\/wp-content\/uploads\/2026\/03\/5.jpg 640w\" data-sizes=\"auto\" data-orig-sizes=\"(max-width: 640px) 100vw, 640px\" \/><\/td>\n<\/tr>\n<\/tbody>\n<\/table>\n<h1 data-section-id=\"19wyzz3\" data-start=\"2574\" data-end=\"2598\"><span style=\"font-size: 12pt;\">Por que escolher a Sile Crafts?<\/span><\/h1>\n<ul data-start=\"2600\" data-end=\"2838\">\n<li data-section-id=\"jqhhug\" data-start=\"2600\" data-end=\"2641\">\n<p data-start=\"2602\" data-end=\"2641\"><span style=\"font-size: 12pt;\">Profissional <strong data-start=\"2615\" data-end=\"2641\">Fabricante de book nook<\/strong><\/span><\/p>\n<\/li>\n<li data-section-id=\"1ycxzey\" data-start=\"2642\" data-end=\"2696\">\n<p data-start=\"2644\" data-end=\"2696\"><span style=\"font-size: 12pt;\">Forte <strong data-start=\"2651\" data-end=\"2696\">capacidade de design e desenvolvimento de produtos<\/strong><\/span><\/p>\n<\/li>\n<li data-section-id=\"qha5r2\" data-start=\"2697\" data-end=\"2734\">\n<p data-start=\"2699\" data-end=\"2734\"><span style=\"font-size: 12pt;\">Est\u00e1vel <strong data-start=\"2706\" data-end=\"2734\">capacidade de produ\u00e7\u00e3o em massa<\/strong><\/span><\/p>\n<\/li>\n<li data-section-id=\"u6l3nt\" data-start=\"2735\" data-end=\"2783\">\n<p data-start=\"2737\" data-end=\"2783\"><span style=\"font-size: 12pt;\">Confi\u00e1vel <strong data-start=\"2746\" data-end=\"2783\">Suporte OEM\/ODM para marcas globais<\/strong><\/span><\/p>\n<\/li>\n<li data-section-id=\"1jzpcwi\" data-start=\"2784\" data-end=\"2838\">\n<p data-start=\"2786\" data-end=\"2838\"><span style=\"font-size: 12pt;\">Controle de qualidade consistente e fabrica\u00e7\u00e3o precisa<\/span><\/p>\n<\/li>\n<\/ul>\n<p data-start=\"2840\" data-end=\"2963\"><span style=\"font-size: 12pt;\">Nosso objetivo \u00e9 ajudar as marcas a lan\u00e7ar <strong data-start=\"2874\" data-end=\"2908\">produtos artesanais DIY diferenciados<\/strong> que combinam criatividade, qualidade e fornecimento confi\u00e1vel.<\/span><\/p>\n<p data-start=\"2840\" data-end=\"2963\">","protected":false},"excerpt":{"rendered":"<ul>\n<li data-start=\"103\" data-end=\"116\">\n<p data-start=\"105\" data-end=\"116\"><strong data-start=\"105\" data-end=\"114\">Modelo:<\/strong> SL04<\/p>\n<\/li>\n<li data-start=\"117\" data-end=\"146\">\n<p data-start=\"119\" data-end=\"146\"><strong data-start=\"119\" data-end=\"144\">Tamanho do produto acabado:<\/strong>18cmL*11cmW*23cmH<\/p>\n<\/li>\n<li data-start=\"147\" data-end=\"171\">\n<p data-start=\"149\" data-end=\"171\"><strong data-start=\"149\" data-end=\"169\">Conjunto Tamanho da embalagem:<\/strong>30.2cmL*19.05cmW*5.2cmH<\/p>\n<\/li>\n<li data-start=\"172\" data-end=\"196\">\n<p data-start=\"174\" data-end=\"196\"><strong data-start=\"174\" data-end=\"194\">Peso (por conjunto):<\/strong>1,35 KG<\/p>\n<\/li>\n<li data-start=\"197\" data-end=\"224\">\n<p data-start=\"199\" data-end=\"224\"><strong data-start=\"199\" data-end=\"222\">Quantidade por caixa: <\/strong>14 SETs<\/p>\n<\/li>\n<li data-start=\"225\" data-end=\"244\">\n<p data-start=\"227\" data-end=\"244\"><strong data-start=\"227\" data-end=\"242\">Tamanho da caixa: <\/strong>39,5cm*32cm*40cm<\/p>\n<\/li>\n<li data-start=\"245\" data-end=\"283\">\n<p data-start=\"247\" data-end=\"283\"><strong data-start=\"247\" data-end=\"260\">Material:<\/strong> Quebra-cabe\u00e7a de madeira<\/p>\n<\/li>\n<li data-start=\"284\" data-end=\"328\">\n<p data-start=\"286\" data-end=\"328\"><strong data-start=\"286\" data-end=\"298\">Processo:<\/strong> Impress\u00e3o UV + corte a laser<\/p>\n<\/li>\n<li data-start=\"284\" data-end=\"328\">O pacote inclui: Componentes 433pcs, caixa de bateria e fios, manual de instru\u00e7\u00f5es, acess\u00f3rios de papel e capa protetora contra poeira<\/li>\n<\/ul>","protected":false},"featured_media":3744,"comment_status":"open","ping_status":"closed","template":"","meta":{"content-type":"","_uag_custom_page_level_css":""},"product_brand":[],"product_cat":[40],"product_tag":[],"class_list":{"0":"post-3758","1":"product","2":"type-product","3":"status-publish","4":"has-post-thumbnail","6":"product_cat-diy-book-nook-kit","8":"first","9":"instock","10":"shipping-taxable","11":"product-type-simple"},"uagb_featured_image_src":{"full":["https:\/\/silecrafts.com\/wp-content\/uploads\/2026\/03\/Dark-Family.jpg",900,900,false],"thumbnail":["https:\/\/silecrafts.com\/wp-content\/uploads\/2026\/03\/Dark-Family-150x150.jpg",150,150,true],"medium":["https:\/\/silecrafts.com\/wp-content\/uploads\/2026\/03\/Dark-Family-300x300.jpg",300,300,true],"medium_large":["https:\/\/silecrafts.com\/wp-content\/uploads\/2026\/03\/Dark-Family-768x768.jpg",768,768,true],"large":["https:\/\/silecrafts.com\/wp-content\/uploads\/2026\/03\/Dark-Family.jpg",900,900,false],"1536x1536":["https:\/\/silecrafts.com\/wp-content\/uploads\/2026\/03\/Dark-Family.jpg",900,900,false],"2048x2048":["https:\/\/silecrafts.com\/wp-content\/uploads\/2026\/03\/Dark-Family.jpg",900,900,false],"trp-custom-language-flag":["https:\/\/silecrafts.com\/wp-content\/uploads\/2026\/03\/Dark-Family-12x12.jpg",12,12,true],"blog-large":["https:\/\/silecrafts.com\/wp-content\/uploads\/2026\/03\/Dark-Family-669x272.jpg",669,272,true],"blog-medium":["https:\/\/silecrafts.com\/wp-content\/uploads\/2026\/03\/Dark-Family-320x202.jpg",320,202,true],"recent-posts":["https:\/\/silecrafts.com\/wp-content\/uploads\/2026\/03\/Dark-Family-700x441.jpg",700,441,true],"recent-works-thumbnail":["https:\/\/silecrafts.com\/wp-content\/uploads\/2026\/03\/Dark-Family-66x66.jpg",66,66,true],"fusion-200":["https:\/\/silecrafts.com\/wp-content\/uploads\/2026\/03\/Dark-Family-200x200.jpg",200,200,true],"fusion-400":["https:\/\/silecrafts.com\/wp-content\/uploads\/2026\/03\/Dark-Family-400x400.jpg",400,400,true],"fusion-600":["https:\/\/silecrafts.com\/wp-content\/uploads\/2026\/03\/Dark-Family-600x600.jpg",600,600,true],"fusion-800":["https:\/\/silecrafts.com\/wp-content\/uploads\/2026\/03\/Dark-Family-800x800.jpg",800,800,true],"fusion-1200":["https:\/\/silecrafts.com\/wp-content\/uploads\/2026\/03\/Dark-Family.jpg",900,900,false],"portfolio-full":["https:\/\/silecrafts.com\/wp-content\/uploads\/2026\/03\/Dark-Family-900x400.jpg",900,400,true],"portfolio-one":["https:\/\/silecrafts.com\/wp-content\/uploads\/2026\/03\/Dark-Family-540x272.jpg",540,272,true],"portfolio-two":["https:\/\/silecrafts.com\/wp-content\/uploads\/2026\/03\/Dark-Family-460x295.jpg",460,295,true],"portfolio-three":["https:\/\/silecrafts.com\/wp-content\/uploads\/2026\/03\/Dark-Family-300x214.jpg",300,214,true],"portfolio-five":["https:\/\/silecrafts.com\/wp-content\/uploads\/2026\/03\/Dark-Family-177x142.jpg",177,142,true],"woocommerce_thumbnail":["https:\/\/silecrafts.com\/wp-content\/uploads\/2026\/03\/Dark-Family-500x500.jpg",500,500,true],"woocommerce_single":["https:\/\/silecrafts.com\/wp-content\/uploads\/2026\/03\/Dark-Family-700x700.jpg",700,700,true],"woocommerce_gallery_thumbnail":["https:\/\/silecrafts.com\/wp-content\/uploads\/2026\/03\/Dark-Family-200x200.jpg",200,200,true]},"uagb_author_info":{"display_name":"admin","author_link":"https:\/\/silecrafts.com\/pt\/author\/"},"uagb_comment_info":0,"uagb_excerpt":"Model: SL04 Finished Product Size:18cmL*11cmW*23cmH Set Package Size:30.2cmL*19.05cmW*5.2cmH Weight (per set):1.35KG Quantity per Carton: 14 SETs Carton Size: 39.5cm*32cm*40cm Material: Wooden Jigsaw Puzzle Process: UV Printing + Laser Cutting Packet include : 433pcs components, battery box and wires, instruction manual, paper accessories and dust cover","_links":{"self":[{"href":"https:\/\/silecrafts.com\/pt\/wp-json\/wp\/v2\/product\/3758","targetHints":{"allow":["GET"]}}],"collection":[{"href":"https:\/\/silecrafts.com\/pt\/wp-json\/wp\/v2\/product"}],"about":[{"href":"https:\/\/silecrafts.com\/pt\/wp-json\/wp\/v2\/types\/product"}],"replies":[{"embeddable":true,"href":"https:\/\/silecrafts.com\/pt\/wp-json\/wp\/v2\/comments?post=3758"}],"wp:featuredmedia":[{"embeddable":true,"href":"https:\/\/silecrafts.com\/pt\/wp-json\/wp\/v2\/media\/3744"}],"wp:attachment":[{"href":"https:\/\/silecrafts.com\/pt\/wp-json\/wp\/v2\/media?parent=3758"}],"wp:term":[{"taxonomy":"product_brand","embeddable":true,"href":"https:\/\/silecrafts.com\/pt\/wp-json\/wp\/v2\/product_brand?post=3758"},{"taxonomy":"product_cat","embeddable":true,"href":"https:\/\/silecrafts.com\/pt\/wp-json\/wp\/v2\/product_cat?post=3758"},{"taxonomy":"product_tag","embeddable":true,"href":"https:\/\/silecrafts.com\/pt\/wp-json\/wp\/v2\/product_tag?post=3758"}],"curies":[{"name":"wp","href":"https:\/\/api.w.org\/{rel}","templated":true}]}}