{"id":3761,"date":"2026-03-11T00:24:32","date_gmt":"2026-03-11T00:24:32","guid":{"rendered":"https:\/\/silecrafts.com\/?post_type=product&#038;p=3761"},"modified":"2026-03-25T09:56:39","modified_gmt":"2026-03-25T09:56:39","slug":"kit-libreria-fai-da-te","status":"publish","type":"product","link":"https:\/\/silecrafts.com\/it\/prodotto\/kit-libreria-fai-da-te\/","title":{"rendered":"Kit per il leggio fai da te ETKVR - Magazzino dello zio Peter"},"content":{"rendered":"<p data-start=\"206\" data-end=\"875\">Il Kit Book Nook fai da te \u00e8 un inserto per libreria in miniatura progettato per trasformare una normale libreria in una straordinaria scena narrativa. Realizzato in materiale di alta qualit\u00e0 <strong data-start=\"366\" data-end=\"430\">componenti per puzzle in legno con texture naturale del legno<\/strong>, Ogni kit \u00e8 prodotto utilizzando <strong data-start=\"463\" data-end=\"506\">Stampa UV e taglio laser di precisione<\/strong> per garantire una grafica vivace, un montaggio accurato e un assemblaggio fluido. L'angolo dei libri \u00e8 inoltre dotato di un <strong data-start=\"614\" data-end=\"642\">Sistema di illuminazione blu a LED<\/strong>, creando un'atmosfera realistica e permettendo alla scena in miniatura di prendere vita sulla vostra libreria. La luce a LED fornisce una morbida luminosit\u00e0 ambientale e pu\u00f2 funzionare ininterrottamente per <strong data-start=\"818\" data-end=\"832\">8-10 ore<\/strong>, che lo rende al tempo stesso decorativo e funzionale.<\/p>\n<h3 data-section-id=\"1iz91iu\" data-start=\"877\" data-end=\"893\">Kit per angolo libro fai da te Caratteristiche principali<\/h3>\n<ul data-start=\"895\" data-end=\"1883\">\n<li data-section-id=\"1nr8gek\" data-start=\"895\" data-end=\"1072\">\n<p data-start=\"897\" data-end=\"1072\"><strong data-start=\"897\" data-end=\"925\">Struttura in legno premium<\/strong><br data-start=\"925\" data-end=\"928\" \/>Realizzato in materiale resistente <strong data-start=\"951\" data-end=\"982\">pannelli per puzzle in legno<\/strong> con struttura in legno naturale, che garantisce stabilit\u00e0 e un aspetto artigianale di alta qualit\u00e0.<\/p>\n<\/li>\n<li data-section-id=\"1atgzny\" data-start=\"1074\" data-end=\"1249\">\n<p data-start=\"1076\" data-end=\"1249\"><strong data-start=\"1076\" data-end=\"1103\">Produzione di precisione<\/strong><br data-start=\"1103\" data-end=\"1106\" \/>Prodotto con un sistema avanzato di <strong data-start=\"1132\" data-end=\"1174\">Stampa UV + tecnologia di taglio laser<\/strong>, per garantire bordi puliti, assemblaggio accurato e colori vivaci e duraturi.<\/p>\n<\/li>\n<li data-section-id=\"su5hju\" data-start=\"1251\" data-end=\"1403\">\n<p data-start=\"1253\" data-end=\"1403\"><strong data-start=\"1253\" data-end=\"1281\">Effetto luce calda a LED<\/strong><br data-start=\"1281\" data-end=\"1284\" \/>Incorporato <strong data-start=\"1295\" data-end=\"1313\">luce calda a LED<\/strong> aumenta la profondit\u00e0 e il realismo della scena in miniatura, creando una visualizzazione accogliente e coinvolgente.<\/p>\n<\/li>\n<li data-section-id=\"1482ko5\" data-start=\"1405\" data-end=\"1557\">\n<p data-start=\"1407\" data-end=\"1557\"><strong data-start=\"1407\" data-end=\"1436\">Illuminazione di lunga durata<\/strong><br data-start=\"1436\" data-end=\"1439\" \/>Il sistema di illuminazione a LED supporta <strong data-start=\"1474\" data-end=\"1506\">8-10 ore di utilizzo continuo<\/strong>, ideale per la decorazione di una libreria o per l'atmosfera notturna.<\/p>\n<\/li>\n<li data-section-id=\"1szeiia\" data-start=\"1559\" data-end=\"1704\">\n<p data-start=\"1561\" data-end=\"1704\"><strong data-start=\"1561\" data-end=\"1588\">Esperienza creativa di bricolage<\/strong><br data-start=\"1588\" data-end=\"1591\" \/>Ogni kit prevede un coinvolgente processo di assemblaggio pratico, che combina creativit\u00e0, artigianato e narrazione.<\/p>\n<\/li>\n<li data-section-id=\"48j9v8\" data-start=\"1706\" data-end=\"1883\">\n<p data-start=\"1708\" data-end=\"1883\"><strong data-start=\"1708\" data-end=\"1729\">Supporto OEM e ODM<\/strong><br data-start=\"1729\" data-end=\"1732\" \/>Come professionista <strong data-start=\"1752\" data-end=\"1782\"><span class=\"keyword _ngcontent-zpp-113\" aria-hidden=\"false\">angolo dei libri della casa in miniatura<\/span> produttore<\/strong>, supportiamo i marchi globali con <strong data-start=\"1814\" data-end=\"1882\">temi personalizzati, packaging, branding e produzione di marchi privati<\/strong><\/p>\n<\/li>\n<\/ul>\n<p>&nbsp;<\/p>\n<table style=\"border-collapse: collapse; width: 100%;\">\n<tbody>\n<tr>\n<td style=\"width: 50%;\"><img decoding=\"async\" class=\"lazyload alignnone wp-image-3754 size-full\" src=\"https:\/\/silecrafts.com\/wp-content\/uploads\/2026\/03\/5-2.jpg\" data-orig-src=\"https:\/\/silecrafts.com\/wp-content\/uploads\/2026\/03\/5-2.jpg\" alt=\"Kit per la libreria fai-da-te\" width=\"640\" height=\"640\" srcset=\"data:image\/svg+xml,%3Csvg%20xmlns%3D%27http%3A%2F%2Fwww.w3.org%2F2000%2Fsvg%27%20width%3D%27640%27%20height%3D%27640%27%20viewBox%3D%270%200%20640%20640%27%3E%3Crect%20width%3D%27640%27%20height%3D%27640%27%20fill-opacity%3D%220%22%2F%3E%3C%2Fsvg%3E\" data-srcset=\"https:\/\/silecrafts.com\/wp-content\/uploads\/2026\/03\/5-2-12x12.jpg 12w, https:\/\/silecrafts.com\/wp-content\/uploads\/2026\/03\/5-2-66x66.jpg 66w, https:\/\/silecrafts.com\/wp-content\/uploads\/2026\/03\/5-2-150x150.jpg 150w, https:\/\/silecrafts.com\/wp-content\/uploads\/2026\/03\/5-2-200x200.jpg 200w, https:\/\/silecrafts.com\/wp-content\/uploads\/2026\/03\/5-2-300x300.jpg 300w, https:\/\/silecrafts.com\/wp-content\/uploads\/2026\/03\/5-2-400x400.jpg 400w, https:\/\/silecrafts.com\/wp-content\/uploads\/2026\/03\/5-2-500x500.jpg 500w, https:\/\/silecrafts.com\/wp-content\/uploads\/2026\/03\/5-2-600x600.jpg 600w, https:\/\/silecrafts.com\/wp-content\/uploads\/2026\/03\/5-2.jpg 640w\" data-sizes=\"auto\" data-orig-sizes=\"(max-width: 640px) 100vw, 640px\" \/><\/td>\n<td style=\"width: 50%;\"><img decoding=\"async\" class=\"lazyload alignnone size-full wp-image-3756\" src=\"https:\/\/silecrafts.com\/wp-content\/uploads\/2026\/03\/Uncle-Peters-Warehouse.jpg\" data-orig-src=\"https:\/\/silecrafts.com\/wp-content\/uploads\/2026\/03\/Uncle-Peters-Warehouse.jpg\" alt=\"\" width=\"640\" height=\"640\" srcset=\"data:image\/svg+xml,%3Csvg%20xmlns%3D%27http%3A%2F%2Fwww.w3.org%2F2000%2Fsvg%27%20width%3D%27640%27%20height%3D%27640%27%20viewBox%3D%270%200%20640%20640%27%3E%3Crect%20width%3D%27640%27%20height%3D%27640%27%20fill-opacity%3D%220%22%2F%3E%3C%2Fsvg%3E\" data-srcset=\"https:\/\/silecrafts.com\/wp-content\/uploads\/2026\/03\/Uncle-Peters-Warehouse-12x12.jpg 12w, https:\/\/silecrafts.com\/wp-content\/uploads\/2026\/03\/Uncle-Peters-Warehouse-66x66.jpg 66w, https:\/\/silecrafts.com\/wp-content\/uploads\/2026\/03\/Uncle-Peters-Warehouse-150x150.jpg 150w, https:\/\/silecrafts.com\/wp-content\/uploads\/2026\/03\/Uncle-Peters-Warehouse-200x200.jpg 200w, https:\/\/silecrafts.com\/wp-content\/uploads\/2026\/03\/Uncle-Peters-Warehouse-300x300.jpg 300w, https:\/\/silecrafts.com\/wp-content\/uploads\/2026\/03\/Uncle-Peters-Warehouse-400x400.jpg 400w, https:\/\/silecrafts.com\/wp-content\/uploads\/2026\/03\/Uncle-Peters-Warehouse-500x500.jpg 500w, https:\/\/silecrafts.com\/wp-content\/uploads\/2026\/03\/Uncle-Peters-Warehouse-600x600.jpg 600w, https:\/\/silecrafts.com\/wp-content\/uploads\/2026\/03\/Uncle-Peters-Warehouse.jpg 640w\" data-sizes=\"auto\" data-orig-sizes=\"(max-width: 640px) 100vw, 640px\" \/><\/td>\n<\/tr>\n<tr>\n<td style=\"width: 50%;\"><img decoding=\"async\" class=\"lazyload alignnone size-full wp-image-3753\" src=\"https:\/\/silecrafts.com\/wp-content\/uploads\/2026\/03\/3-1.jpg\" data-orig-src=\"https:\/\/silecrafts.com\/wp-content\/uploads\/2026\/03\/3-1.jpg\" alt=\"\" width=\"640\" height=\"640\" srcset=\"data:image\/svg+xml,%3Csvg%20xmlns%3D%27http%3A%2F%2Fwww.w3.org%2F2000%2Fsvg%27%20width%3D%27640%27%20height%3D%27640%27%20viewBox%3D%270%200%20640%20640%27%3E%3Crect%20width%3D%27640%27%20height%3D%27640%27%20fill-opacity%3D%220%22%2F%3E%3C%2Fsvg%3E\" data-srcset=\"https:\/\/silecrafts.com\/wp-content\/uploads\/2026\/03\/3-1-12x12.jpg 12w, https:\/\/silecrafts.com\/wp-content\/uploads\/2026\/03\/3-1-66x66.jpg 66w, https:\/\/silecrafts.com\/wp-content\/uploads\/2026\/03\/3-1-150x150.jpg 150w, https:\/\/silecrafts.com\/wp-content\/uploads\/2026\/03\/3-1-200x200.jpg 200w, https:\/\/silecrafts.com\/wp-content\/uploads\/2026\/03\/3-1-300x300.jpg 300w, https:\/\/silecrafts.com\/wp-content\/uploads\/2026\/03\/3-1-400x400.jpg 400w, https:\/\/silecrafts.com\/wp-content\/uploads\/2026\/03\/3-1-500x500.jpg 500w, https:\/\/silecrafts.com\/wp-content\/uploads\/2026\/03\/3-1-600x600.jpg 600w, https:\/\/silecrafts.com\/wp-content\/uploads\/2026\/03\/3-1.jpg 640w\" data-sizes=\"auto\" data-orig-sizes=\"(max-width: 640px) 100vw, 640px\" \/><\/td>\n<td style=\"width: 50%;\"><img decoding=\"async\" class=\"lazyload alignnone size-full wp-image-3751\" src=\"https:\/\/silecrafts.com\/wp-content\/uploads\/2026\/03\/1-1.jpg\" data-orig-src=\"https:\/\/silecrafts.com\/wp-content\/uploads\/2026\/03\/1-1.jpg\" alt=\"\" width=\"640\" height=\"640\" srcset=\"data:image\/svg+xml,%3Csvg%20xmlns%3D%27http%3A%2F%2Fwww.w3.org%2F2000%2Fsvg%27%20width%3D%27640%27%20height%3D%27640%27%20viewBox%3D%270%200%20640%20640%27%3E%3Crect%20width%3D%27640%27%20height%3D%27640%27%20fill-opacity%3D%220%22%2F%3E%3C%2Fsvg%3E\" data-srcset=\"https:\/\/silecrafts.com\/wp-content\/uploads\/2026\/03\/1-1-12x12.jpg 12w, https:\/\/silecrafts.com\/wp-content\/uploads\/2026\/03\/1-1-66x66.jpg 66w, https:\/\/silecrafts.com\/wp-content\/uploads\/2026\/03\/1-1-150x150.jpg 150w, https:\/\/silecrafts.com\/wp-content\/uploads\/2026\/03\/1-1-200x200.jpg 200w, https:\/\/silecrafts.com\/wp-content\/uploads\/2026\/03\/1-1-300x300.jpg 300w, https:\/\/silecrafts.com\/wp-content\/uploads\/2026\/03\/1-1-400x400.jpg 400w, https:\/\/silecrafts.com\/wp-content\/uploads\/2026\/03\/1-1-500x500.jpg 500w, https:\/\/silecrafts.com\/wp-content\/uploads\/2026\/03\/1-1-600x600.jpg 600w, https:\/\/silecrafts.com\/wp-content\/uploads\/2026\/03\/1-1.jpg 640w\" data-sizes=\"auto\" data-orig-sizes=\"(max-width: 640px) 100vw, 640px\" \/><\/td>\n<\/tr>\n<\/tbody>\n<\/table>\n<h1 data-section-id=\"19wyzz3\" data-start=\"2574\" data-end=\"2598\"><span style=\"font-size: 12pt;\">Perch\u00e9 scegliere Sile Crafts<\/span><\/h1>\n<ul data-start=\"2600\" data-end=\"2838\">\n<li data-section-id=\"jqhhug\" data-start=\"2600\" data-end=\"2641\">\n<p data-start=\"2602\" data-end=\"2641\"><span style=\"font-size: 12pt;\">Professionale <strong data-start=\"2615\" data-end=\"2641\">produttore di book nook<\/strong><\/span><\/p>\n<\/li>\n<li data-section-id=\"1ycxzey\" data-start=\"2642\" data-end=\"2696\">\n<p data-start=\"2644\" data-end=\"2696\"><span style=\"font-size: 12pt;\">Forte <strong data-start=\"2651\" data-end=\"2696\">capacit\u00e0 di progettazione e sviluppo del prodotto<\/strong><\/span><\/p>\n<\/li>\n<li data-section-id=\"qha5r2\" data-start=\"2697\" data-end=\"2734\">\n<p data-start=\"2699\" data-end=\"2734\"><span style=\"font-size: 12pt;\">Stabile <strong data-start=\"2706\" data-end=\"2734\">capacit\u00e0 di produzione di massa<\/strong><\/span><\/p>\n<\/li>\n<li data-section-id=\"u6l3nt\" data-start=\"2735\" data-end=\"2783\">\n<p data-start=\"2737\" data-end=\"2783\"><span style=\"font-size: 12pt;\">Affidabile <strong data-start=\"2746\" data-end=\"2783\">Supporto OEM\/ODM per marchi globali<\/strong><\/span><\/p>\n<\/li>\n<li data-section-id=\"1jzpcwi\" data-start=\"2784\" data-end=\"2838\">\n<p data-start=\"2786\" data-end=\"2838\"><span style=\"font-size: 12pt;\">Controllo di qualit\u00e0 costante e produzione precisa<\/span><\/p>\n<\/li>\n<\/ul>\n<p data-start=\"2840\" data-end=\"2963\"><span style=\"font-size: 12pt;\">Il nostro obiettivo \u00e8 aiutare i marchi a lanciare <strong data-start=\"2874\" data-end=\"2908\">prodotti artigianali fai-da-te distintivi<\/strong> che combinano creativit\u00e0, qualit\u00e0 e affidabilit\u00e0 delle forniture.<\/span><\/p>\n<p data-start=\"2840\" data-end=\"2963\">","protected":false},"excerpt":{"rendered":"<ul>\n<li data-start=\"103\" data-end=\"116\">\n<p data-start=\"105\" data-end=\"116\"><strong data-start=\"105\" data-end=\"114\">Modello:<\/strong> YM05<\/p>\n<\/li>\n<li data-start=\"117\" data-end=\"146\">\n<p data-start=\"119\" data-end=\"146\"><strong data-start=\"119\" data-end=\"144\">Dimensioni del prodotto finito:<\/strong>18cmL*11cmW*23cmH<\/p>\n<\/li>\n<li data-start=\"147\" data-end=\"171\">\n<p data-start=\"149\" data-end=\"171\"><strong data-start=\"149\" data-end=\"169\">Set Dimensione della confezione:<\/strong>30.2cmL*19.2cmW*5.4cmH<\/p>\n<\/li>\n<li data-start=\"172\" data-end=\"196\">\n<p data-start=\"174\" data-end=\"196\"><strong data-start=\"174\" data-end=\"194\">Peso (per set):<\/strong>1,25KG<\/p>\n<\/li>\n<li data-start=\"197\" data-end=\"224\">\n<p data-start=\"199\" data-end=\"224\"><strong data-start=\"199\" data-end=\"222\">Quantit\u00e0 per cartone: <\/strong>14 SET<\/p>\n<\/li>\n<li data-start=\"225\" data-end=\"244\">\n<p data-start=\"227\" data-end=\"244\"><strong data-start=\"227\" data-end=\"242\">Dimensioni del cartone: <\/strong>39,5 cm*32 cm*40 cm<\/p>\n<\/li>\n<li data-start=\"245\" data-end=\"283\">\n<p data-start=\"247\" data-end=\"283\"><strong data-start=\"247\" data-end=\"260\">Materiale:<\/strong> Puzzle di legno<\/p>\n<\/li>\n<li data-start=\"284\" data-end=\"328\">\n<p data-start=\"286\" data-end=\"328\"><strong data-start=\"286\" data-end=\"298\">Processo:<\/strong> Stampa UV + taglio laser<\/p>\n<\/li>\n<li data-start=\"284\" data-end=\"328\">Il pacchetto include: 300 pezzi di componenti, scatola della batteria e cavi, manuale di istruzioni, accessori di carta e copertura antipolvere.<\/li>\n<\/ul>","protected":false},"featured_media":3756,"comment_status":"open","ping_status":"closed","template":"","meta":{"content-type":"","_uag_custom_page_level_css":""},"product_brand":[],"product_cat":[40],"product_tag":[],"class_list":{"0":"post-3761","1":"product","2":"type-product","3":"status-publish","4":"has-post-thumbnail","6":"product_cat-diy-book-nook-kit","8":"first","9":"instock","10":"shipping-taxable","11":"product-type-simple"},"uagb_featured_image_src":{"full":["https:\/\/silecrafts.com\/wp-content\/uploads\/2026\/03\/Uncle-Peters-Warehouse.jpg",640,640,false],"thumbnail":["https:\/\/silecrafts.com\/wp-content\/uploads\/2026\/03\/Uncle-Peters-Warehouse-150x150.jpg",150,150,true],"medium":["https:\/\/silecrafts.com\/wp-content\/uploads\/2026\/03\/Uncle-Peters-Warehouse-300x300.jpg",300,300,true],"medium_large":["https:\/\/silecrafts.com\/wp-content\/uploads\/2026\/03\/Uncle-Peters-Warehouse.jpg",640,640,false],"large":["https:\/\/silecrafts.com\/wp-content\/uploads\/2026\/03\/Uncle-Peters-Warehouse.jpg",640,640,false],"1536x1536":["https:\/\/silecrafts.com\/wp-content\/uploads\/2026\/03\/Uncle-Peters-Warehouse.jpg",640,640,false],"2048x2048":["https:\/\/silecrafts.com\/wp-content\/uploads\/2026\/03\/Uncle-Peters-Warehouse.jpg",640,640,false],"trp-custom-language-flag":["https:\/\/silecrafts.com\/wp-content\/uploads\/2026\/03\/Uncle-Peters-Warehouse-12x12.jpg",12,12,true],"blog-large":["https:\/\/silecrafts.com\/wp-content\/uploads\/2026\/03\/Uncle-Peters-Warehouse-640x272.jpg",640,272,true],"blog-medium":["https:\/\/silecrafts.com\/wp-content\/uploads\/2026\/03\/Uncle-Peters-Warehouse-320x202.jpg",320,202,true],"recent-posts":["https:\/\/silecrafts.com\/wp-content\/uploads\/2026\/03\/Uncle-Peters-Warehouse-640x441.jpg",640,441,true],"recent-works-thumbnail":["https:\/\/silecrafts.com\/wp-content\/uploads\/2026\/03\/Uncle-Peters-Warehouse-66x66.jpg",66,66,true],"fusion-200":["https:\/\/silecrafts.com\/wp-content\/uploads\/2026\/03\/Uncle-Peters-Warehouse-200x200.jpg",200,200,true],"fusion-400":["https:\/\/silecrafts.com\/wp-content\/uploads\/2026\/03\/Uncle-Peters-Warehouse-400x400.jpg",400,400,true],"fusion-600":["https:\/\/silecrafts.com\/wp-content\/uploads\/2026\/03\/Uncle-Peters-Warehouse-600x600.jpg",600,600,true],"fusion-800":["https:\/\/silecrafts.com\/wp-content\/uploads\/2026\/03\/Uncle-Peters-Warehouse.jpg",640,640,false],"fusion-1200":["https:\/\/silecrafts.com\/wp-content\/uploads\/2026\/03\/Uncle-Peters-Warehouse.jpg",640,640,false],"portfolio-full":["https:\/\/silecrafts.com\/wp-content\/uploads\/2026\/03\/Uncle-Peters-Warehouse-640x400.jpg",640,400,true],"portfolio-one":["https:\/\/silecrafts.com\/wp-content\/uploads\/2026\/03\/Uncle-Peters-Warehouse-540x272.jpg",540,272,true],"portfolio-two":["https:\/\/silecrafts.com\/wp-content\/uploads\/2026\/03\/Uncle-Peters-Warehouse-460x295.jpg",460,295,true],"portfolio-three":["https:\/\/silecrafts.com\/wp-content\/uploads\/2026\/03\/Uncle-Peters-Warehouse-300x214.jpg",300,214,true],"portfolio-five":["https:\/\/silecrafts.com\/wp-content\/uploads\/2026\/03\/Uncle-Peters-Warehouse-177x142.jpg",177,142,true],"woocommerce_thumbnail":["https:\/\/silecrafts.com\/wp-content\/uploads\/2026\/03\/Uncle-Peters-Warehouse-500x500.jpg",500,500,true],"woocommerce_single":["https:\/\/silecrafts.com\/wp-content\/uploads\/2026\/03\/Uncle-Peters-Warehouse.jpg",640,640,false],"woocommerce_gallery_thumbnail":["https:\/\/silecrafts.com\/wp-content\/uploads\/2026\/03\/Uncle-Peters-Warehouse-200x200.jpg",200,200,true]},"uagb_author_info":{"display_name":"admin","author_link":"https:\/\/silecrafts.com\/it\/author\/"},"uagb_comment_info":0,"uagb_excerpt":"Model: YM05 Finished Product Size:18cmL*11cmW*23cmH Set Package Size:30.2cmL*19.2cmW*5.4cmH Weight (per set):1.25KG Quantity per Carton: 14 SETs Carton Size: 39.5cm*32cm*40cm Material: Wooden Jigsaw Puzzle Process: UV Printing + Laser Cutting Packet include : 300pcs components, battery box and wires, instruction manual, paper accessories and dust cover","_links":{"self":[{"href":"https:\/\/silecrafts.com\/it\/wp-json\/wp\/v2\/product\/3761","targetHints":{"allow":["GET"]}}],"collection":[{"href":"https:\/\/silecrafts.com\/it\/wp-json\/wp\/v2\/product"}],"about":[{"href":"https:\/\/silecrafts.com\/it\/wp-json\/wp\/v2\/types\/product"}],"replies":[{"embeddable":true,"href":"https:\/\/silecrafts.com\/it\/wp-json\/wp\/v2\/comments?post=3761"}],"wp:featuredmedia":[{"embeddable":true,"href":"https:\/\/silecrafts.com\/it\/wp-json\/wp\/v2\/media\/3756"}],"wp:attachment":[{"href":"https:\/\/silecrafts.com\/it\/wp-json\/wp\/v2\/media?parent=3761"}],"wp:term":[{"taxonomy":"product_brand","embeddable":true,"href":"https:\/\/silecrafts.com\/it\/wp-json\/wp\/v2\/product_brand?post=3761"},{"taxonomy":"product_cat","embeddable":true,"href":"https:\/\/silecrafts.com\/it\/wp-json\/wp\/v2\/product_cat?post=3761"},{"taxonomy":"product_tag","embeddable":true,"href":"https:\/\/silecrafts.com\/it\/wp-json\/wp\/v2\/product_tag?post=3761"}],"curies":[{"name":"wp","href":"https:\/\/api.w.org\/{rel}","templated":true}]}}