{"id":3885,"date":"2026-01-22T00:47:05","date_gmt":"2026-01-22T00:47:05","guid":{"rendered":"https:\/\/silecrafts.com\/?post_type=product&#038;p=3885"},"modified":"2026-03-26T10:31:36","modified_gmt":"2026-03-26T10:31:36","slug":"frame-styled-book-nook-kit-3","status":"publish","type":"product","link":"https:\/\/silecrafts.com\/fr\/product\/frame-styled-book-nook-kit-3\/","title":{"rendered":"Kit de biblioth\u00e8que ETKVR avec cadre - Holiday Bookstore"},"content":{"rendered":"<p data-start=\"291\" data-end=\"934\">Notre kit de coin livre de style cadre est un mod\u00e8le de sc\u00e8ne miniature d\u00e9taill\u00e9 con\u00e7u pour recr\u00e9er de charmants espaces int\u00e9rieurs sous une forme compacte et artistique. Fabriqu\u00e9 \u00e0 partir de mat\u00e9riaux de haute qualit\u00e9 <strong data-start=\"458\" data-end=\"522\">Composants de puzzle en bois avec texture naturelle du bois<\/strong>, Chaque kit est fabriqu\u00e9 \u00e0 l'aide de <strong data-start=\"555\" data-end=\"609\">technologie de d\u00e9coupe laser de pr\u00e9cision et d'impression UV<\/strong>, La salle des miniatures est \u00e9quip\u00e9e d'un syst\u00e8me de contr\u00f4le de la qualit\u00e9 qui garantit un ajustement pr\u00e9cis, des graphismes \u00e9clatants et une qualit\u00e9 constante des produits. La salle des miniatures est \u00e9quip\u00e9e des \u00e9l\u00e9ments suivants <strong data-start=\"722\" data-end=\"743\">\u00e9clairage LED chaud<\/strong>, L'\u00e9clairage de l'espace de travail est tr\u00e8s efficace, cr\u00e9ant une atmosph\u00e8re r\u00e9aliste qui donne vie \u00e0 cet espace minuscule. Avec un <strong data-start=\"821\" data-end=\"866\">temps de montage d'environ 8 \u00e0 10 heures<\/strong>, Le kit offre une exp\u00e9rience de bricolage relaxante et immersive.<\/p>\n<p data-start=\"936\" data-end=\"1259\">These frame styled book nook kit combine craftsmanship, creativity, and storytelling, making them popular in the global hobby and collectible market. The realistic details, architectural structures, and decorative elements allow users to build beautiful miniature rooms such as studios, libraries, cafes, or living spaces.<\/p>\n<h2 data-section-id=\"1ma7m6t\" data-start=\"1738\" data-end=\"1753\">Frame styled book nook kit Key Features<\/h2>\n<ul data-start=\"1755\" data-end=\"2312\">\n<li data-section-id=\"ycegak\" data-start=\"1755\" data-end=\"1856\">\n<p data-start=\"1757\" data-end=\"1856\"><strong data-start=\"1757\" data-end=\"1785\">Structure en bois de premi\u00e8re qualit\u00e9<\/strong><br data-start=\"1785\" data-end=\"1788\" \/>Durable <strong data-start=\"1798\" data-end=\"1829\">panneaux de puzzle en bois<\/strong> avec une texture de bois naturelle.<\/p>\n<\/li>\n<li data-section-id=\"1nuk5hp\" data-start=\"1858\" data-end=\"1976\">\n<p data-start=\"1860\" data-end=\"1976\"><strong data-start=\"1860\" data-end=\"1887\">Fabrication de pr\u00e9cision<\/strong><br data-start=\"1887\" data-end=\"1890\" \/>Produit avec <strong data-start=\"1906\" data-end=\"1937\">Impression UV + d\u00e9coupe laser<\/strong> pour des bords nets et un assemblage pr\u00e9cis.<\/p>\n<\/li>\n<li data-section-id=\"14d8ezq\" data-start=\"1978\" data-end=\"2093\">\n<p data-start=\"1980\" data-end=\"2093\"><strong data-start=\"1980\" data-end=\"2008\">Effet d'\u00e9clairage LED chaud<\/strong><br data-start=\"2008\" data-end=\"2011\" \/>La lumi\u00e8re chaude int\u00e9gr\u00e9e renforce le r\u00e9alisme et cr\u00e9e un environnement miniature confortable.<\/p>\n<\/li>\n<li data-section-id=\"1f66j97\" data-start=\"2095\" data-end=\"2205\">\n<p data-start=\"2097\" data-end=\"2205\"><strong data-start=\"2097\" data-end=\"2124\">Une exp\u00e9rience de bricolage engageante<\/strong><br data-start=\"2124\" data-end=\"2127\" \/>Temps d'assemblage autour de <strong data-start=\"2150\" data-end=\"2164\">8-10 heures<\/strong>, Le processus de cr\u00e9ation est satisfaisant.<\/p>\n<\/li>\n<li data-section-id=\"d1z0qi\" data-start=\"2207\" data-end=\"2312\">\n<p data-start=\"2209\" data-end=\"2312\"><strong data-start=\"2209\" data-end=\"2232\">OEM et ODM disponibles<\/strong><br data-start=\"2232\" data-end=\"2235\" \/>Th\u00e8mes personnalis\u00e9s, \u00e9tiquetage priv\u00e9, conception d'emballages et d\u00e9veloppement de produits.<\/p>\n<\/li>\n<\/ul>\n<p>&nbsp;<\/p>\n<p>&nbsp;<\/p>\n<table style=\"border-collapse: collapse; width: 100%; height: 48px;\">\n<tbody>\n<tr style=\"height: 24px;\">\n<td style=\"width: 50%; height: 24px;\"><img decoding=\"async\" class=\"lazyload alignnone size-full wp-image-3840\" src=\"https:\/\/silecrafts.com\/wp-content\/uploads\/2026\/03\/2-2.png\" data-orig-src=\"https:\/\/silecrafts.com\/wp-content\/uploads\/2026\/03\/2-2.png\" alt=\"\" width=\"1600\" height=\"1600\" srcset=\"data:image\/svg+xml,%3Csvg%20xmlns%3D%27http%3A%2F%2Fwww.w3.org%2F2000%2Fsvg%27%20width%3D%271600%27%20height%3D%271600%27%20viewBox%3D%270%200%201600%201600%27%3E%3Crect%20width%3D%271600%27%20height%3D%271600%27%20fill-opacity%3D%220%22%2F%3E%3C%2Fsvg%3E\" data-srcset=\"https:\/\/silecrafts.com\/wp-content\/uploads\/2026\/03\/2-2-12x12.png 12w, https:\/\/silecrafts.com\/wp-content\/uploads\/2026\/03\/2-2-66x66.png 66w, https:\/\/silecrafts.com\/wp-content\/uploads\/2026\/03\/2-2-150x150.png 150w, https:\/\/silecrafts.com\/wp-content\/uploads\/2026\/03\/2-2-200x200.png 200w, https:\/\/silecrafts.com\/wp-content\/uploads\/2026\/03\/2-2-300x300.png 300w, https:\/\/silecrafts.com\/wp-content\/uploads\/2026\/03\/2-2-400x400.png 400w, https:\/\/silecrafts.com\/wp-content\/uploads\/2026\/03\/2-2-500x500.png 500w, https:\/\/silecrafts.com\/wp-content\/uploads\/2026\/03\/2-2-600x600.png 600w, https:\/\/silecrafts.com\/wp-content\/uploads\/2026\/03\/2-2-700x700.png 700w, https:\/\/silecrafts.com\/wp-content\/uploads\/2026\/03\/2-2-768x768.png 768w, https:\/\/silecrafts.com\/wp-content\/uploads\/2026\/03\/2-2-800x800.png 800w, https:\/\/silecrafts.com\/wp-content\/uploads\/2026\/03\/2-2-1024x1024.png 1024w, https:\/\/silecrafts.com\/wp-content\/uploads\/2026\/03\/2-2-1200x1200.png 1200w, https:\/\/silecrafts.com\/wp-content\/uploads\/2026\/03\/2-2-1536x1536.png 1536w, https:\/\/silecrafts.com\/wp-content\/uploads\/2026\/03\/2-2.png 1600w\" data-sizes=\"auto\" data-orig-sizes=\"(max-width: 1600px) 100vw, 1600px\" \/><\/td>\n<td style=\"width: 50%; height: 24px;\"><img decoding=\"async\" class=\"lazyload alignnone size-full wp-image-3841\" src=\"https:\/\/silecrafts.com\/wp-content\/uploads\/2026\/03\/3-2.png\" data-orig-src=\"https:\/\/silecrafts.com\/wp-content\/uploads\/2026\/03\/3-2.png\" alt=\"\" width=\"1600\" height=\"1600\" srcset=\"data:image\/svg+xml,%3Csvg%20xmlns%3D%27http%3A%2F%2Fwww.w3.org%2F2000%2Fsvg%27%20width%3D%271600%27%20height%3D%271600%27%20viewBox%3D%270%200%201600%201600%27%3E%3Crect%20width%3D%271600%27%20height%3D%271600%27%20fill-opacity%3D%220%22%2F%3E%3C%2Fsvg%3E\" data-srcset=\"https:\/\/silecrafts.com\/wp-content\/uploads\/2026\/03\/3-2-12x12.png 12w, https:\/\/silecrafts.com\/wp-content\/uploads\/2026\/03\/3-2-66x66.png 66w, https:\/\/silecrafts.com\/wp-content\/uploads\/2026\/03\/3-2-150x150.png 150w, https:\/\/silecrafts.com\/wp-content\/uploads\/2026\/03\/3-2-200x200.png 200w, https:\/\/silecrafts.com\/wp-content\/uploads\/2026\/03\/3-2-300x300.png 300w, https:\/\/silecrafts.com\/wp-content\/uploads\/2026\/03\/3-2-400x400.png 400w, https:\/\/silecrafts.com\/wp-content\/uploads\/2026\/03\/3-2-500x500.png 500w, https:\/\/silecrafts.com\/wp-content\/uploads\/2026\/03\/3-2-600x600.png 600w, https:\/\/silecrafts.com\/wp-content\/uploads\/2026\/03\/3-2-700x700.png 700w, https:\/\/silecrafts.com\/wp-content\/uploads\/2026\/03\/3-2-768x768.png 768w, https:\/\/silecrafts.com\/wp-content\/uploads\/2026\/03\/3-2-800x800.png 800w, https:\/\/silecrafts.com\/wp-content\/uploads\/2026\/03\/3-2-1024x1024.png 1024w, https:\/\/silecrafts.com\/wp-content\/uploads\/2026\/03\/3-2-1200x1200.png 1200w, https:\/\/silecrafts.com\/wp-content\/uploads\/2026\/03\/3-2-1536x1536.png 1536w, https:\/\/silecrafts.com\/wp-content\/uploads\/2026\/03\/3-2.png 1600w\" data-sizes=\"auto\" data-orig-sizes=\"(max-width: 1600px) 100vw, 1600px\" \/><\/td>\n<\/tr>\n<tr style=\"height: 24px;\">\n<td style=\"width: 50%; height: 24px;\"><img decoding=\"async\" class=\"lazyload alignnone wp-image-3843 size-full\" src=\"https:\/\/silecrafts.com\/wp-content\/uploads\/2026\/03\/4-2.png\" data-orig-src=\"https:\/\/silecrafts.com\/wp-content\/uploads\/2026\/03\/4-2.png\" alt=\"Funny 3D Wooden Puzzle\" width=\"1600\" height=\"1600\" srcset=\"data:image\/svg+xml,%3Csvg%20xmlns%3D%27http%3A%2F%2Fwww.w3.org%2F2000%2Fsvg%27%20width%3D%271600%27%20height%3D%271600%27%20viewBox%3D%270%200%201600%201600%27%3E%3Crect%20width%3D%271600%27%20height%3D%271600%27%20fill-opacity%3D%220%22%2F%3E%3C%2Fsvg%3E\" data-srcset=\"https:\/\/silecrafts.com\/wp-content\/uploads\/2026\/03\/4-2-12x12.png 12w, https:\/\/silecrafts.com\/wp-content\/uploads\/2026\/03\/4-2-66x66.png 66w, https:\/\/silecrafts.com\/wp-content\/uploads\/2026\/03\/4-2-150x150.png 150w, https:\/\/silecrafts.com\/wp-content\/uploads\/2026\/03\/4-2-200x200.png 200w, https:\/\/silecrafts.com\/wp-content\/uploads\/2026\/03\/4-2-300x300.png 300w, https:\/\/silecrafts.com\/wp-content\/uploads\/2026\/03\/4-2-400x400.png 400w, https:\/\/silecrafts.com\/wp-content\/uploads\/2026\/03\/4-2-500x500.png 500w, https:\/\/silecrafts.com\/wp-content\/uploads\/2026\/03\/4-2-600x600.png 600w, https:\/\/silecrafts.com\/wp-content\/uploads\/2026\/03\/4-2-700x700.png 700w, https:\/\/silecrafts.com\/wp-content\/uploads\/2026\/03\/4-2-768x768.png 768w, https:\/\/silecrafts.com\/wp-content\/uploads\/2026\/03\/4-2-800x800.png 800w, https:\/\/silecrafts.com\/wp-content\/uploads\/2026\/03\/4-2-1024x1024.png 1024w, https:\/\/silecrafts.com\/wp-content\/uploads\/2026\/03\/4-2-1200x1200.png 1200w, https:\/\/silecrafts.com\/wp-content\/uploads\/2026\/03\/4-2-1536x1536.png 1536w, https:\/\/silecrafts.com\/wp-content\/uploads\/2026\/03\/4-2.png 1600w\" data-sizes=\"auto\" data-orig-sizes=\"(max-width: 1600px) 100vw, 1600px\" \/><\/td>\n<td style=\"width: 50%; height: 24px;\"><img decoding=\"async\" class=\"lazyload alignnone size-full wp-image-3844\" src=\"https:\/\/silecrafts.com\/wp-content\/uploads\/2026\/03\/5-2.png\" data-orig-src=\"https:\/\/silecrafts.com\/wp-content\/uploads\/2026\/03\/5-2.png\" alt=\"\" width=\"1600\" height=\"1600\" srcset=\"data:image\/svg+xml,%3Csvg%20xmlns%3D%27http%3A%2F%2Fwww.w3.org%2F2000%2Fsvg%27%20width%3D%271600%27%20height%3D%271600%27%20viewBox%3D%270%200%201600%201600%27%3E%3Crect%20width%3D%271600%27%20height%3D%271600%27%20fill-opacity%3D%220%22%2F%3E%3C%2Fsvg%3E\" data-srcset=\"https:\/\/silecrafts.com\/wp-content\/uploads\/2026\/03\/5-2-12x12.png 12w, https:\/\/silecrafts.com\/wp-content\/uploads\/2026\/03\/5-2-66x66.png 66w, https:\/\/silecrafts.com\/wp-content\/uploads\/2026\/03\/5-2-150x150.png 150w, https:\/\/silecrafts.com\/wp-content\/uploads\/2026\/03\/5-2-200x200.png 200w, https:\/\/silecrafts.com\/wp-content\/uploads\/2026\/03\/5-2-300x300.png 300w, https:\/\/silecrafts.com\/wp-content\/uploads\/2026\/03\/5-2-400x400.png 400w, https:\/\/silecrafts.com\/wp-content\/uploads\/2026\/03\/5-2-500x500.png 500w, https:\/\/silecrafts.com\/wp-content\/uploads\/2026\/03\/5-2-600x600.png 600w, https:\/\/silecrafts.com\/wp-content\/uploads\/2026\/03\/5-2-700x700.png 700w, https:\/\/silecrafts.com\/wp-content\/uploads\/2026\/03\/5-2-768x768.png 768w, https:\/\/silecrafts.com\/wp-content\/uploads\/2026\/03\/5-2-800x800.png 800w, https:\/\/silecrafts.com\/wp-content\/uploads\/2026\/03\/5-2-1024x1024.png 1024w, https:\/\/silecrafts.com\/wp-content\/uploads\/2026\/03\/5-2-1200x1200.png 1200w, https:\/\/silecrafts.com\/wp-content\/uploads\/2026\/03\/5-2-1536x1536.png 1536w, https:\/\/silecrafts.com\/wp-content\/uploads\/2026\/03\/5-2.png 1600w\" data-sizes=\"auto\" data-orig-sizes=\"(max-width: 1600px) 100vw, 1600px\" \/><\/td>\n<\/tr>\n<\/tbody>\n<\/table>\n<h1 data-section-id=\"19wyzz3\" data-start=\"2574\" data-end=\"2598\"><span style=\"font-size: 12pt;\">Pourquoi choisir Sile Crafts<\/span><\/h1>\n<ul data-start=\"2600\" data-end=\"2838\">\n<li data-section-id=\"jqhhug\" data-start=\"2600\" data-end=\"2641\">\n<p data-start=\"2602\" data-end=\"2641\"><span style=\"font-size: 12pt;\">Professionnel <strong data-start=\"2615\" data-end=\"2641\">fabricant de livres<\/strong><\/span><\/p>\n<\/li>\n<li data-section-id=\"1ycxzey\" data-start=\"2642\" data-end=\"2696\">\n<p data-start=\"2644\" data-end=\"2696\"><span style=\"font-size: 12pt;\">Fort <strong data-start=\"2651\" data-end=\"2696\">capacit\u00e9 de conception et de d\u00e9veloppement de produits<\/strong><\/span><\/p>\n<\/li>\n<li data-section-id=\"qha5r2\" data-start=\"2697\" data-end=\"2734\">\n<p data-start=\"2699\" data-end=\"2734\"><span style=\"font-size: 12pt;\">Stable <strong data-start=\"2706\" data-end=\"2734\">capacit\u00e9 de production de masse<\/strong><\/span><\/p>\n<\/li>\n<li data-section-id=\"u6l3nt\" data-start=\"2735\" data-end=\"2783\">\n<p data-start=\"2737\" data-end=\"2783\"><span style=\"font-size: 12pt;\">Fiable <strong data-start=\"2746\" data-end=\"2783\">Support OEM\/ODM pour les marques mondiales<\/strong><\/span><\/p>\n<\/li>\n<li data-section-id=\"1jzpcwi\" data-start=\"2784\" data-end=\"2838\">\n<p data-start=\"2786\" data-end=\"2838\"><span style=\"font-size: 12pt;\">Un contr\u00f4le de qualit\u00e9 constant et une fabrication pr\u00e9cise<\/span><\/p>\n<\/li>\n<\/ul>\n<p data-start=\"2840\" data-end=\"2963\"><span style=\"font-size: 12pt;\">Notre objectif est d'aider les marques \u00e0 lancer <strong data-start=\"2874\" data-end=\"2908\">produits artisanaux distinctifs<\/strong> qui allient cr\u00e9ativit\u00e9, qualit\u00e9 et fiabilit\u00e9 de l'approvisionnement.<\/span><\/p>\n<p data-start=\"2840\" data-end=\"2963\">","protected":false},"excerpt":{"rendered":"<ul>\n<li data-start=\"103\" data-end=\"116\">\n<p data-start=\"105\" data-end=\"116\"><strong data-start=\"105\" data-end=\"114\">Mod\u00e8le :<\/strong> Zr03<\/p>\n<\/li>\n<li data-start=\"117\" data-end=\"146\">\n<p data-start=\"119\" data-end=\"146\"><strong data-start=\"119\" data-end=\"144\">Taille du produit fini :<\/strong>23.5cmL*9cmW*18.5cmH<\/p>\n<\/li>\n<li data-start=\"147\" data-end=\"171\">\n<p data-start=\"149\" data-end=\"171\"><strong data-start=\"149\" data-end=\"169\">Ensemble Taille de l'emballage :<\/strong>30.2cmL*19.2cmW*5.4cmH<\/p>\n<\/li>\n<li data-start=\"172\" data-end=\"196\">\n<p data-start=\"174\" data-end=\"196\"><strong data-start=\"174\" data-end=\"194\">Poids (par jeu) :<\/strong>1.03KG<\/p>\n<\/li>\n<li data-start=\"197\" data-end=\"224\">\n<p data-start=\"199\" data-end=\"224\"><strong data-start=\"199\" data-end=\"222\">Quantit\u00e9 par carton : <\/strong>14 SETs<\/p>\n<\/li>\n<li data-start=\"225\" data-end=\"244\">\n<p data-start=\"227\" data-end=\"244\"><strong data-start=\"227\" data-end=\"242\">Taille du carton : <\/strong>39.5cm*32cm*40cm<\/p>\n<\/li>\n<li data-start=\"245\" data-end=\"283\">\n<p data-start=\"247\" data-end=\"283\"><strong data-start=\"247\" data-end=\"260\">Mat\u00e9riau :<\/strong> Puzzle en bois<\/p>\n<\/li>\n<li data-start=\"284\" data-end=\"328\">\n<p data-start=\"286\" data-end=\"328\"><strong data-start=\"286\" data-end=\"298\">Processus :<\/strong> Impression UV + d\u00e9coupe laser<\/p>\n<\/li>\n<li data-start=\"284\" data-end=\"328\">Packet include : 263pcs components, TYPE-C interface and wires, instruction manual, paper accessories, dust cover<\/li>\n<\/ul>","protected":false},"featured_media":3845,"comment_status":"open","ping_status":"closed","template":"","meta":{"content-type":"","_uag_custom_page_level_css":""},"product_brand":[],"product_cat":[43],"product_tag":[],"class_list":{"0":"post-3885","1":"product","2":"type-product","3":"status-publish","4":"has-post-thumbnail","6":"product_cat-frame-styled-book-nook-kit","8":"first","9":"instock","10":"shipping-taxable","11":"product-type-simple"},"uagb_featured_image_src":{"full":["https:\/\/silecrafts.com\/wp-content\/uploads\/2026\/03\/6-2.png",1600,1600,false],"thumbnail":["https:\/\/silecrafts.com\/wp-content\/uploads\/2026\/03\/6-2-150x150.png",150,150,true],"medium":["https:\/\/silecrafts.com\/wp-content\/uploads\/2026\/03\/6-2-300x300.png",300,300,true],"medium_large":["https:\/\/silecrafts.com\/wp-content\/uploads\/2026\/03\/6-2-768x768.png",768,768,true],"large":["https:\/\/silecrafts.com\/wp-content\/uploads\/2026\/03\/6-2-1024x1024.png",1024,1024,true],"1536x1536":["https:\/\/silecrafts.com\/wp-content\/uploads\/2026\/03\/6-2-1536x1536.png",1536,1536,true],"2048x2048":["https:\/\/silecrafts.com\/wp-content\/uploads\/2026\/03\/6-2.png",1600,1600,false],"trp-custom-language-flag":["https:\/\/silecrafts.com\/wp-content\/uploads\/2026\/03\/6-2-12x12.png",12,12,true],"blog-large":["https:\/\/silecrafts.com\/wp-content\/uploads\/2026\/03\/6-2-669x272.png",669,272,true],"blog-medium":["https:\/\/silecrafts.com\/wp-content\/uploads\/2026\/03\/6-2-320x202.png",320,202,true],"recent-posts":["https:\/\/silecrafts.com\/wp-content\/uploads\/2026\/03\/6-2-700x441.png",700,441,true],"recent-works-thumbnail":["https:\/\/silecrafts.com\/wp-content\/uploads\/2026\/03\/6-2-66x66.png",66,66,true],"fusion-200":["https:\/\/silecrafts.com\/wp-content\/uploads\/2026\/03\/6-2-200x200.png",200,200,true],"fusion-400":["https:\/\/silecrafts.com\/wp-content\/uploads\/2026\/03\/6-2-400x400.png",400,400,true],"fusion-600":["https:\/\/silecrafts.com\/wp-content\/uploads\/2026\/03\/6-2-600x600.png",600,600,true],"fusion-800":["https:\/\/silecrafts.com\/wp-content\/uploads\/2026\/03\/6-2-800x800.png",800,800,true],"fusion-1200":["https:\/\/silecrafts.com\/wp-content\/uploads\/2026\/03\/6-2-1200x1200.png",1200,1200,true],"portfolio-full":["https:\/\/silecrafts.com\/wp-content\/uploads\/2026\/03\/6-2-940x400.png",940,400,true],"portfolio-one":["https:\/\/silecrafts.com\/wp-content\/uploads\/2026\/03\/6-2-540x272.png",540,272,true],"portfolio-two":["https:\/\/silecrafts.com\/wp-content\/uploads\/2026\/03\/6-2-460x295.png",460,295,true],"portfolio-three":["https:\/\/silecrafts.com\/wp-content\/uploads\/2026\/03\/6-2-300x214.png",300,214,true],"portfolio-five":["https:\/\/silecrafts.com\/wp-content\/uploads\/2026\/03\/6-2-177x142.png",177,142,true],"woocommerce_thumbnail":["https:\/\/silecrafts.com\/wp-content\/uploads\/2026\/03\/6-2-500x500.png",500,500,true],"woocommerce_single":["https:\/\/silecrafts.com\/wp-content\/uploads\/2026\/03\/6-2-700x700.png",700,700,true],"woocommerce_gallery_thumbnail":["https:\/\/silecrafts.com\/wp-content\/uploads\/2026\/03\/6-2-200x200.png",200,200,true]},"uagb_author_info":{"display_name":"admin","author_link":"https:\/\/silecrafts.com\/fr\/author\/"},"uagb_comment_info":0,"uagb_excerpt":"Model: Zr03 Finished Product Size:23.5cmL*9cmW*18.5cmH Set Package Size:30.2cmL*19.2cmW*5.4cmH Weight (per set):1.03KG Quantity per Carton: 14 SETs Carton Size: 39.5cm*32cm*40cm Material: Wooden Jigsaw Puzzle Process: UV Printing + Laser Cutting Packet include : 263pcs components, TYPE-C interface and wires, instruction manual, paper accessories, dust cover","_links":{"self":[{"href":"https:\/\/silecrafts.com\/fr\/wp-json\/wp\/v2\/product\/3885","targetHints":{"allow":["GET"]}}],"collection":[{"href":"https:\/\/silecrafts.com\/fr\/wp-json\/wp\/v2\/product"}],"about":[{"href":"https:\/\/silecrafts.com\/fr\/wp-json\/wp\/v2\/types\/product"}],"replies":[{"embeddable":true,"href":"https:\/\/silecrafts.com\/fr\/wp-json\/wp\/v2\/comments?post=3885"}],"wp:featuredmedia":[{"embeddable":true,"href":"https:\/\/silecrafts.com\/fr\/wp-json\/wp\/v2\/media\/3845"}],"wp:attachment":[{"href":"https:\/\/silecrafts.com\/fr\/wp-json\/wp\/v2\/media?parent=3885"}],"wp:term":[{"taxonomy":"product_brand","embeddable":true,"href":"https:\/\/silecrafts.com\/fr\/wp-json\/wp\/v2\/product_brand?post=3885"},{"taxonomy":"product_cat","embeddable":true,"href":"https:\/\/silecrafts.com\/fr\/wp-json\/wp\/v2\/product_cat?post=3885"},{"taxonomy":"product_tag","embeddable":true,"href":"https:\/\/silecrafts.com\/fr\/wp-json\/wp\/v2\/product_tag?post=3885"}],"curies":[{"name":"wp","href":"https:\/\/api.w.org\/{rel}","templated":true}]}}