{"id":3732,"date":"2026-03-05T23:57:53","date_gmt":"2026-03-05T23:57:53","guid":{"rendered":"https:\/\/silecrafts.com\/?post_type=product&#038;p=3732"},"modified":"2026-03-25T09:57:26","modified_gmt":"2026-03-25T09:57:26","slug":"book-nook-diy-kit","status":"publish","type":"product","link":"https:\/\/silecrafts.com\/fr\/product\/book-nook-diy-kit\/","title":{"rendered":"ETKVR Kit Diy Book Nook - Mysterious Blue Box"},"content":{"rendered":"<p data-start=\"206\" data-end=\"875\">The Book Nook Diy Kit is a miniature bookshelf insert designed to transform an ordinary bookcase into a stunning storytelling scene. Made from high-quality <strong data-start=\"366\" data-end=\"430\">Composants de puzzle en bois avec texture naturelle du bois<\/strong>, Chaque kit est fabriqu\u00e9 \u00e0 l'aide de <strong data-start=\"463\" data-end=\"506\">Impression UV et d\u00e9coupe laser de pr\u00e9cision<\/strong> pour garantir des graphismes \u00e9clatants, un montage pr\u00e9cis et un assemblage sans heurts. Le coin livre est \u00e9galement dot\u00e9 d'un <strong data-start=\"614\" data-end=\"642\">Syst\u00e8me d'\u00e9clairage bleu LED<\/strong>, L'\u00e9clairage LED cr\u00e9e une atmosph\u00e8re r\u00e9aliste et permet \u00e0 la sc\u00e8ne miniature de prendre vie sur votre \u00e9tag\u00e8re. La lumi\u00e8re LED fournit une douce lueur d'ambiance et peut fonctionner en continu pendant <strong data-start=\"818\" data-end=\"832\">8-10 heures<\/strong>, Il est donc \u00e0 la fois d\u00e9coratif et fonctionnel.<\/p>\n<h3 data-section-id=\"1iz91iu\" data-start=\"877\" data-end=\"893\">Book Nook Diy Kit Key Features<\/h3>\n<ul data-start=\"895\" data-end=\"1883\">\n<li data-section-id=\"1nr8gek\" data-start=\"895\" data-end=\"1072\">\n<p data-start=\"897\" data-end=\"1072\"><strong data-start=\"897\" data-end=\"925\">Structure en bois de premi\u00e8re qualit\u00e9<\/strong><br data-start=\"925\" data-end=\"928\" \/>Fabriqu\u00e9 \u00e0 partir de mat\u00e9riaux durables <strong data-start=\"951\" data-end=\"982\">panneaux de puzzle en bois<\/strong> avec une texture de bois naturel, offrant une stabilit\u00e9 et un aspect artisanal de haute qualit\u00e9.<\/p>\n<\/li>\n<li data-section-id=\"1atgzny\" data-start=\"1074\" data-end=\"1249\">\n<p data-start=\"1076\" data-end=\"1249\"><strong data-start=\"1076\" data-end=\"1103\">Fabrication de pr\u00e9cision<\/strong><br data-start=\"1103\" data-end=\"1106\" \/>Produite \u00e0 l'aide d'une technologie de pointe <strong data-start=\"1132\" data-end=\"1174\">Technologie d'impression UV + d\u00e9coupe laser<\/strong>, La technologie de l'aluminium permet d'obtenir des bords nets, un assemblage pr\u00e9cis et des couleurs vibrantes et durables.<\/p>\n<\/li>\n<li data-section-id=\"su5hju\" data-start=\"1251\" data-end=\"1403\">\n<p data-start=\"1253\" data-end=\"1403\"><strong data-start=\"1253\" data-end=\"1281\">Effet d'\u00e9clairage LED chaud<\/strong><br data-start=\"1281\" data-end=\"1284\" \/>Int\u00e9gr\u00e9 <strong data-start=\"1295\" data-end=\"1313\">lumi\u00e8re LED chaude<\/strong> renforce la profondeur et le r\u00e9alisme de la sc\u00e8ne miniature, cr\u00e9ant ainsi une exposition confortable et immersive.<\/p>\n<\/li>\n<li data-section-id=\"1482ko5\" data-start=\"1405\" data-end=\"1557\">\n<p data-start=\"1407\" data-end=\"1557\"><strong data-start=\"1407\" data-end=\"1436\">\u00c9clairage longue dur\u00e9e<\/strong><br data-start=\"1436\" data-end=\"1439\" \/>Le syst\u00e8me d'\u00e9clairage LED prend en charge <strong data-start=\"1474\" data-end=\"1506\">8-10 heures d'utilisation continue<\/strong>, Id\u00e9al pour d\u00e9corer une biblioth\u00e8que ou pour cr\u00e9er une ambiance nocturne.<\/p>\n<\/li>\n<li data-section-id=\"1szeiia\" data-start=\"1559\" data-end=\"1704\">\n<p data-start=\"1561\" data-end=\"1704\"><strong data-start=\"1561\" data-end=\"1588\">Exp\u00e9rience de bricolage cr\u00e9atif<\/strong><br data-start=\"1588\" data-end=\"1591\" \/>Chaque kit propose un processus d'assemblage pratique et captivant, alliant cr\u00e9ativit\u00e9, artisanat et narration.<\/p>\n<\/li>\n<li data-section-id=\"48j9v8\" data-start=\"1706\" data-end=\"1883\">\n<p data-start=\"1708\" data-end=\"1883\"><strong data-start=\"1708\" data-end=\"1729\">Support OEM et ODM<\/strong><br data-start=\"1729\" data-end=\"1732\" \/>En tant que professionnel <strong data-start=\"1752\" data-end=\"1782\">Book Nook Diy Kit manufacturer<\/strong>, Nous soutenons les marques mondiales avec <strong data-start=\"1814\" data-end=\"1882\">th\u00e8mes personnalis\u00e9s, emballage, image de marque et production de marques priv\u00e9es<\/strong><\/p>\n<\/li>\n<\/ul>\n<p>&nbsp;<\/p>\n<table style=\"border-collapse: collapse; width: 100%;\">\n<tbody>\n<tr>\n<td style=\"width: 50%;\"><img decoding=\"async\" class=\"lazyload alignnone wp-image-3737 size-full\" src=\"https:\/\/silecrafts.com\/wp-content\/uploads\/2026\/03\/5.png\" data-orig-src=\"https:\/\/silecrafts.com\/wp-content\/uploads\/2026\/03\/5.png\" alt=\"Book Nook Diy Kit\" width=\"1600\" height=\"1600\" srcset=\"data:image\/svg+xml,%3Csvg%20xmlns%3D%27http%3A%2F%2Fwww.w3.org%2F2000%2Fsvg%27%20width%3D%271600%27%20height%3D%271600%27%20viewBox%3D%270%200%201600%201600%27%3E%3Crect%20width%3D%271600%27%20height%3D%271600%27%20fill-opacity%3D%220%22%2F%3E%3C%2Fsvg%3E\" data-srcset=\"https:\/\/silecrafts.com\/wp-content\/uploads\/2026\/03\/5-12x12.png 12w, https:\/\/silecrafts.com\/wp-content\/uploads\/2026\/03\/5-66x66.png 66w, https:\/\/silecrafts.com\/wp-content\/uploads\/2026\/03\/5-150x150.png 150w, https:\/\/silecrafts.com\/wp-content\/uploads\/2026\/03\/5-200x200.png 200w, https:\/\/silecrafts.com\/wp-content\/uploads\/2026\/03\/5-300x300.png 300w, https:\/\/silecrafts.com\/wp-content\/uploads\/2026\/03\/5-400x400.png 400w, https:\/\/silecrafts.com\/wp-content\/uploads\/2026\/03\/5-500x500.png 500w, https:\/\/silecrafts.com\/wp-content\/uploads\/2026\/03\/5-600x600.png 600w, https:\/\/silecrafts.com\/wp-content\/uploads\/2026\/03\/5-700x700.png 700w, https:\/\/silecrafts.com\/wp-content\/uploads\/2026\/03\/5-768x768.png 768w, https:\/\/silecrafts.com\/wp-content\/uploads\/2026\/03\/5-800x800.png 800w, https:\/\/silecrafts.com\/wp-content\/uploads\/2026\/03\/5-1024x1024.png 1024w, https:\/\/silecrafts.com\/wp-content\/uploads\/2026\/03\/5-1200x1200.png 1200w, https:\/\/silecrafts.com\/wp-content\/uploads\/2026\/03\/5-1536x1536.png 1536w, https:\/\/silecrafts.com\/wp-content\/uploads\/2026\/03\/5.png 1600w\" data-sizes=\"auto\" data-orig-sizes=\"(max-width: 1600px) 100vw, 1600px\" \/><\/td>\n<td style=\"width: 50%;\"><img decoding=\"async\" class=\"lazyload alignnone size-full wp-image-3736\" src=\"https:\/\/silecrafts.com\/wp-content\/uploads\/2026\/03\/4.png\" data-orig-src=\"https:\/\/silecrafts.com\/wp-content\/uploads\/2026\/03\/4.png\" alt=\"\" width=\"1600\" height=\"1600\" srcset=\"data:image\/svg+xml,%3Csvg%20xmlns%3D%27http%3A%2F%2Fwww.w3.org%2F2000%2Fsvg%27%20width%3D%271600%27%20height%3D%271600%27%20viewBox%3D%270%200%201600%201600%27%3E%3Crect%20width%3D%271600%27%20height%3D%271600%27%20fill-opacity%3D%220%22%2F%3E%3C%2Fsvg%3E\" data-srcset=\"https:\/\/silecrafts.com\/wp-content\/uploads\/2026\/03\/4-12x12.png 12w, https:\/\/silecrafts.com\/wp-content\/uploads\/2026\/03\/4-66x66.png 66w, https:\/\/silecrafts.com\/wp-content\/uploads\/2026\/03\/4-150x150.png 150w, https:\/\/silecrafts.com\/wp-content\/uploads\/2026\/03\/4-200x200.png 200w, https:\/\/silecrafts.com\/wp-content\/uploads\/2026\/03\/4-300x300.png 300w, https:\/\/silecrafts.com\/wp-content\/uploads\/2026\/03\/4-400x400.png 400w, https:\/\/silecrafts.com\/wp-content\/uploads\/2026\/03\/4-500x500.png 500w, https:\/\/silecrafts.com\/wp-content\/uploads\/2026\/03\/4-600x600.png 600w, https:\/\/silecrafts.com\/wp-content\/uploads\/2026\/03\/4-700x700.png 700w, https:\/\/silecrafts.com\/wp-content\/uploads\/2026\/03\/4-768x768.png 768w, https:\/\/silecrafts.com\/wp-content\/uploads\/2026\/03\/4-800x800.png 800w, https:\/\/silecrafts.com\/wp-content\/uploads\/2026\/03\/4-1024x1024.png 1024w, https:\/\/silecrafts.com\/wp-content\/uploads\/2026\/03\/4-1200x1200.png 1200w, https:\/\/silecrafts.com\/wp-content\/uploads\/2026\/03\/4-1536x1536.png 1536w, https:\/\/silecrafts.com\/wp-content\/uploads\/2026\/03\/4.png 1600w\" data-sizes=\"auto\" data-orig-sizes=\"(max-width: 1600px) 100vw, 1600px\" \/><\/td>\n<\/tr>\n<tr>\n<td style=\"width: 50%;\"><img decoding=\"async\" class=\"lazyload alignnone size-full wp-image-3735\" src=\"https:\/\/silecrafts.com\/wp-content\/uploads\/2026\/03\/3.png\" data-orig-src=\"https:\/\/silecrafts.com\/wp-content\/uploads\/2026\/03\/3.png\" alt=\"\" width=\"1600\" height=\"1600\" srcset=\"data:image\/svg+xml,%3Csvg%20xmlns%3D%27http%3A%2F%2Fwww.w3.org%2F2000%2Fsvg%27%20width%3D%271600%27%20height%3D%271600%27%20viewBox%3D%270%200%201600%201600%27%3E%3Crect%20width%3D%271600%27%20height%3D%271600%27%20fill-opacity%3D%220%22%2F%3E%3C%2Fsvg%3E\" data-srcset=\"https:\/\/silecrafts.com\/wp-content\/uploads\/2026\/03\/3-12x12.png 12w, https:\/\/silecrafts.com\/wp-content\/uploads\/2026\/03\/3-66x66.png 66w, https:\/\/silecrafts.com\/wp-content\/uploads\/2026\/03\/3-150x150.png 150w, https:\/\/silecrafts.com\/wp-content\/uploads\/2026\/03\/3-200x200.png 200w, https:\/\/silecrafts.com\/wp-content\/uploads\/2026\/03\/3-300x300.png 300w, https:\/\/silecrafts.com\/wp-content\/uploads\/2026\/03\/3-400x400.png 400w, https:\/\/silecrafts.com\/wp-content\/uploads\/2026\/03\/3-500x500.png 500w, https:\/\/silecrafts.com\/wp-content\/uploads\/2026\/03\/3-600x600.png 600w, https:\/\/silecrafts.com\/wp-content\/uploads\/2026\/03\/3-700x700.png 700w, https:\/\/silecrafts.com\/wp-content\/uploads\/2026\/03\/3-768x768.png 768w, https:\/\/silecrafts.com\/wp-content\/uploads\/2026\/03\/3-800x800.png 800w, https:\/\/silecrafts.com\/wp-content\/uploads\/2026\/03\/3-1024x1024.png 1024w, https:\/\/silecrafts.com\/wp-content\/uploads\/2026\/03\/3-1200x1200.png 1200w, https:\/\/silecrafts.com\/wp-content\/uploads\/2026\/03\/3-1536x1536.png 1536w, https:\/\/silecrafts.com\/wp-content\/uploads\/2026\/03\/3.png 1600w\" data-sizes=\"auto\" data-orig-sizes=\"(max-width: 1600px) 100vw, 1600px\" \/><\/td>\n<td style=\"width: 50%;\"><img decoding=\"async\" class=\"lazyload alignnone size-full wp-image-3734\" src=\"https:\/\/silecrafts.com\/wp-content\/uploads\/2026\/03\/2.png\" data-orig-src=\"https:\/\/silecrafts.com\/wp-content\/uploads\/2026\/03\/2.png\" alt=\"\" width=\"1600\" height=\"1600\" srcset=\"data:image\/svg+xml,%3Csvg%20xmlns%3D%27http%3A%2F%2Fwww.w3.org%2F2000%2Fsvg%27%20width%3D%271600%27%20height%3D%271600%27%20viewBox%3D%270%200%201600%201600%27%3E%3Crect%20width%3D%271600%27%20height%3D%271600%27%20fill-opacity%3D%220%22%2F%3E%3C%2Fsvg%3E\" data-srcset=\"https:\/\/silecrafts.com\/wp-content\/uploads\/2026\/03\/2-12x12.png 12w, https:\/\/silecrafts.com\/wp-content\/uploads\/2026\/03\/2-66x66.png 66w, https:\/\/silecrafts.com\/wp-content\/uploads\/2026\/03\/2-150x150.png 150w, https:\/\/silecrafts.com\/wp-content\/uploads\/2026\/03\/2-200x200.png 200w, https:\/\/silecrafts.com\/wp-content\/uploads\/2026\/03\/2-300x300.png 300w, https:\/\/silecrafts.com\/wp-content\/uploads\/2026\/03\/2-400x400.png 400w, https:\/\/silecrafts.com\/wp-content\/uploads\/2026\/03\/2-500x500.png 500w, https:\/\/silecrafts.com\/wp-content\/uploads\/2026\/03\/2-600x600.png 600w, https:\/\/silecrafts.com\/wp-content\/uploads\/2026\/03\/2-700x700.png 700w, https:\/\/silecrafts.com\/wp-content\/uploads\/2026\/03\/2-768x768.png 768w, https:\/\/silecrafts.com\/wp-content\/uploads\/2026\/03\/2-800x800.png 800w, https:\/\/silecrafts.com\/wp-content\/uploads\/2026\/03\/2-1024x1024.png 1024w, https:\/\/silecrafts.com\/wp-content\/uploads\/2026\/03\/2-1200x1200.png 1200w, https:\/\/silecrafts.com\/wp-content\/uploads\/2026\/03\/2-1536x1536.png 1536w, https:\/\/silecrafts.com\/wp-content\/uploads\/2026\/03\/2.png 1600w\" data-sizes=\"auto\" data-orig-sizes=\"(max-width: 1600px) 100vw, 1600px\" \/><\/td>\n<\/tr>\n<\/tbody>\n<\/table>\n<h1 data-section-id=\"19wyzz3\" data-start=\"2574\" data-end=\"2598\"><span style=\"font-size: 12pt;\">Pourquoi choisir Sile Crafts<\/span><\/h1>\n<ul data-start=\"2600\" data-end=\"2838\">\n<li data-section-id=\"jqhhug\" data-start=\"2600\" data-end=\"2641\">\n<p data-start=\"2602\" data-end=\"2641\"><span style=\"font-size: 12pt;\">Professionnel <strong data-start=\"2615\" data-end=\"2641\">fabricant de livres<\/strong><\/span><\/p>\n<\/li>\n<li data-section-id=\"1ycxzey\" data-start=\"2642\" data-end=\"2696\">\n<p data-start=\"2644\" data-end=\"2696\"><span style=\"font-size: 12pt;\">Fort <strong data-start=\"2651\" data-end=\"2696\">capacit\u00e9 de conception et de d\u00e9veloppement de produits<\/strong><\/span><\/p>\n<\/li>\n<li data-section-id=\"qha5r2\" data-start=\"2697\" data-end=\"2734\">\n<p data-start=\"2699\" data-end=\"2734\"><span style=\"font-size: 12pt;\">Stable <strong data-start=\"2706\" data-end=\"2734\">capacit\u00e9 de production de masse<\/strong><\/span><\/p>\n<\/li>\n<li data-section-id=\"u6l3nt\" data-start=\"2735\" data-end=\"2783\">\n<p data-start=\"2737\" data-end=\"2783\"><span style=\"font-size: 12pt;\">Fiable <strong data-start=\"2746\" data-end=\"2783\">Support OEM\/ODM pour les marques mondiales<\/strong><\/span><\/p>\n<\/li>\n<li data-section-id=\"1jzpcwi\" data-start=\"2784\" data-end=\"2838\">\n<p data-start=\"2786\" data-end=\"2838\"><span style=\"font-size: 12pt;\">Un contr\u00f4le de qualit\u00e9 constant et une fabrication pr\u00e9cise<\/span><\/p>\n<\/li>\n<\/ul>\n<p data-start=\"2840\" data-end=\"2963\"><span style=\"font-size: 12pt;\">Notre objectif est d'aider les marques \u00e0 lancer <strong data-start=\"2874\" data-end=\"2908\">produits artisanaux distinctifs<\/strong> qui allient cr\u00e9ativit\u00e9, qualit\u00e9 et fiabilit\u00e9 de l'approvisionnement.<\/span><\/p>\n<p data-start=\"2840\" data-end=\"2963\">","protected":false},"excerpt":{"rendered":"<ul>\n<li data-start=\"103\" data-end=\"116\">\n<p data-start=\"105\" data-end=\"116\"><strong data-start=\"105\" data-end=\"114\">Mod\u00e8le :<\/strong> CH08<\/p>\n<\/li>\n<li data-start=\"117\" data-end=\"146\">\n<p data-start=\"119\" data-end=\"146\"><strong data-start=\"119\" data-end=\"144\">Taille du produit fini :<\/strong>18cmL*13cmW*23.5cmH<\/p>\n<\/li>\n<li data-start=\"147\" data-end=\"171\">\n<p data-start=\"149\" data-end=\"171\"><strong data-start=\"149\" data-end=\"169\">Ensemble Taille de l'emballage :<\/strong>29.9cmL*19.2cmW*5.4cmH<\/p>\n<\/li>\n<li data-start=\"172\" data-end=\"196\">\n<p data-start=\"174\" data-end=\"196\"><strong data-start=\"174\" data-end=\"194\">Poids (par jeu) :<\/strong>1.29KG<\/p>\n<\/li>\n<li data-start=\"197\" data-end=\"224\">\n<p data-start=\"199\" data-end=\"224\"><strong data-start=\"199\" data-end=\"222\">Quantit\u00e9 par carton : <\/strong>14 SETs<\/p>\n<\/li>\n<li data-start=\"225\" data-end=\"244\">\n<p data-start=\"227\" data-end=\"244\"><strong data-start=\"227\" data-end=\"242\">Taille du carton : <\/strong>39.5cm*32cm*40cm<\/p>\n<\/li>\n<li data-start=\"245\" data-end=\"283\">\n<p data-start=\"247\" data-end=\"283\"><strong data-start=\"247\" data-end=\"260\">Mat\u00e9riau :<\/strong> Puzzle en bois<\/p>\n<\/li>\n<li data-start=\"284\" data-end=\"328\">\n<p data-start=\"286\" data-end=\"328\"><strong data-start=\"286\" data-end=\"298\">Processus :<\/strong> Impression UV + d\u00e9coupe laser<\/p>\n<\/li>\n<li data-start=\"284\" data-end=\"328\">Packet include : 256pcs components, battery box and wires, instruction manual, paper accessories and dust cover<\/li>\n<\/ul>","protected":false},"featured_media":3743,"comment_status":"open","ping_status":"closed","template":"","meta":{"content-type":"","_uag_custom_page_level_css":""},"product_brand":[],"product_cat":[40],"product_tag":[],"class_list":{"0":"post-3732","1":"product","2":"type-product","3":"status-publish","4":"has-post-thumbnail","6":"product_cat-diy-book-nook-kit","8":"first","9":"instock","10":"shipping-taxable","11":"product-type-simple"},"uagb_featured_image_src":{"full":["https:\/\/silecrafts.com\/wp-content\/uploads\/2026\/03\/6.png",1600,1600,false],"thumbnail":["https:\/\/silecrafts.com\/wp-content\/uploads\/2026\/03\/6-150x150.png",150,150,true],"medium":["https:\/\/silecrafts.com\/wp-content\/uploads\/2026\/03\/6-300x300.png",300,300,true],"medium_large":["https:\/\/silecrafts.com\/wp-content\/uploads\/2026\/03\/6-768x768.png",768,768,true],"large":["https:\/\/silecrafts.com\/wp-content\/uploads\/2026\/03\/6-1024x1024.png",1024,1024,true],"1536x1536":["https:\/\/silecrafts.com\/wp-content\/uploads\/2026\/03\/6-1536x1536.png",1536,1536,true],"2048x2048":["https:\/\/silecrafts.com\/wp-content\/uploads\/2026\/03\/6.png",1600,1600,false],"trp-custom-language-flag":["https:\/\/silecrafts.com\/wp-content\/uploads\/2026\/03\/6-12x12.png",12,12,true],"blog-large":["https:\/\/silecrafts.com\/wp-content\/uploads\/2026\/03\/6-669x272.png",669,272,true],"blog-medium":["https:\/\/silecrafts.com\/wp-content\/uploads\/2026\/03\/6-320x202.png",320,202,true],"recent-posts":["https:\/\/silecrafts.com\/wp-content\/uploads\/2026\/03\/6-700x441.png",700,441,true],"recent-works-thumbnail":["https:\/\/silecrafts.com\/wp-content\/uploads\/2026\/03\/6-66x66.png",66,66,true],"fusion-200":["https:\/\/silecrafts.com\/wp-content\/uploads\/2026\/03\/6-200x200.png",200,200,true],"fusion-400":["https:\/\/silecrafts.com\/wp-content\/uploads\/2026\/03\/6-400x400.png",400,400,true],"fusion-600":["https:\/\/silecrafts.com\/wp-content\/uploads\/2026\/03\/6-600x600.png",600,600,true],"fusion-800":["https:\/\/silecrafts.com\/wp-content\/uploads\/2026\/03\/6-800x800.png",800,800,true],"fusion-1200":["https:\/\/silecrafts.com\/wp-content\/uploads\/2026\/03\/6-1200x1200.png",1200,1200,true],"portfolio-full":["https:\/\/silecrafts.com\/wp-content\/uploads\/2026\/03\/6-940x400.png",940,400,true],"portfolio-one":["https:\/\/silecrafts.com\/wp-content\/uploads\/2026\/03\/6-540x272.png",540,272,true],"portfolio-two":["https:\/\/silecrafts.com\/wp-content\/uploads\/2026\/03\/6-460x295.png",460,295,true],"portfolio-three":["https:\/\/silecrafts.com\/wp-content\/uploads\/2026\/03\/6-300x214.png",300,214,true],"portfolio-five":["https:\/\/silecrafts.com\/wp-content\/uploads\/2026\/03\/6-177x142.png",177,142,true],"woocommerce_thumbnail":["https:\/\/silecrafts.com\/wp-content\/uploads\/2026\/03\/6-500x500.png",500,500,true],"woocommerce_single":["https:\/\/silecrafts.com\/wp-content\/uploads\/2026\/03\/6-700x700.png",700,700,true],"woocommerce_gallery_thumbnail":["https:\/\/silecrafts.com\/wp-content\/uploads\/2026\/03\/6-200x200.png",200,200,true]},"uagb_author_info":{"display_name":"admin","author_link":"https:\/\/silecrafts.com\/fr\/author\/"},"uagb_comment_info":0,"uagb_excerpt":"Model: CH08 Finished Product Size:18cmL*13cmW*23.5cmH Set Package Size:29.9cmL*19.2cmW*5.4cmH Weight (per set):1.29KG Quantity per Carton: 14 SETs Carton Size: 39.5cm*32cm*40cm Material: Wooden Jigsaw Puzzle Process: UV Printing + Laser Cutting Packet include : 256pcs components, battery box and wires, instruction manual, paper accessories and dust cover","_links":{"self":[{"href":"https:\/\/silecrafts.com\/fr\/wp-json\/wp\/v2\/product\/3732","targetHints":{"allow":["GET"]}}],"collection":[{"href":"https:\/\/silecrafts.com\/fr\/wp-json\/wp\/v2\/product"}],"about":[{"href":"https:\/\/silecrafts.com\/fr\/wp-json\/wp\/v2\/types\/product"}],"replies":[{"embeddable":true,"href":"https:\/\/silecrafts.com\/fr\/wp-json\/wp\/v2\/comments?post=3732"}],"wp:featuredmedia":[{"embeddable":true,"href":"https:\/\/silecrafts.com\/fr\/wp-json\/wp\/v2\/media\/3743"}],"wp:attachment":[{"href":"https:\/\/silecrafts.com\/fr\/wp-json\/wp\/v2\/media?parent=3732"}],"wp:term":[{"taxonomy":"product_brand","embeddable":true,"href":"https:\/\/silecrafts.com\/fr\/wp-json\/wp\/v2\/product_brand?post=3732"},{"taxonomy":"product_cat","embeddable":true,"href":"https:\/\/silecrafts.com\/fr\/wp-json\/wp\/v2\/product_cat?post=3732"},{"taxonomy":"product_tag","embeddable":true,"href":"https:\/\/silecrafts.com\/fr\/wp-json\/wp\/v2\/product_tag?post=3732"}],"curies":[{"name":"wp","href":"https:\/\/api.w.org\/{rel}","templated":true}]}}