{"id":3924,"date":"2026-03-25T00:34:45","date_gmt":"2026-03-25T00:34:45","guid":{"rendered":"https:\/\/silecrafts.com\/?post_type=product&#038;p=3924"},"modified":"2026-04-01T12:12:58","modified_gmt":"2026-04-01T12:12:58","slug":"memfarita-fridujmagneto","status":"publish","type":"product","link":"https:\/\/silecrafts.com\/eo\/product\/memfarita-fridujmagneto\/","title":{"rendered":"Memfarita fridujo-magneto \u2013 Renkontu mian kateton"},"content":{"rendered":"<p>nia <strong>Memfarita fridujmagneto, ,<\/strong>\u00a0kie adorindaj bestoj kaj fre\u015daj fruktoj ekvivas en \u0109armaj \u0109iutagaj scenoj, aldonos tu\u015don de ludema rakontado al via kuirejo. Desegnita kun akra atento al detaloj, \u0109iu minisceno kunigas fantazion kun realismo\u2014alportante senton de varmo, kreemo kaj kvieta \u011dojo al via spaco.<\/p>\n<p><strong>Kompakta, facile kunmetebla kaj zorge prilaborita<\/strong>, \u0108i tiuj magnetaj puzloj ofertas kontentigan praktikan sperton sen okupi multan spacon. Perfektaj por donaci a\u016d kolekti, ili transformas ordinaran fridujon en galerion de etaj, \u011dojaj momentoj.<\/p>\n<p>&nbsp;<\/p>\n<p><span style=\"font-size: 14pt;\"><strong>Memfaritaj fridujaj magnetaj \u015dlosilaj trajtoj<\/strong><\/span><\/p>\n<p><strong>Superkvalita ligna strukturo<\/strong><br \/>\nDa\u016draj lignaj puzlopaneloj kun natura lignoteksturo.<\/p>\n<p><strong>Preciza fabrikado<\/strong><br \/>\nProduktita per UV-presado kaj lasera tran\u0109ado por puraj randoj kaj preciza muntado.<\/p>\n<p><strong>Efiko de varma butonlumigado<\/strong><br \/>\nIntegrita varma lumo plibonigas realecon kaj kreas komfortan miniaturan medion.<\/p>\n<p><strong>Amuzo de la Asembleo<\/strong><br \/>\nFacila pu\u015d-munta\u0135o, sen bezono de iloj; pluraj scenoj kun fruktoj kaj bestoj en \u0109iutaga vivo<\/p>\n<p><strong>OEM kaj ODM disponeblas.<\/strong><br \/>\nPersonigitaj temoj, privata etikedado, paka\u0135dezajno kaj produktoevoluo.<\/p>\n<p>&nbsp;<\/p>\n<table style=\"border-collapse: collapse; width: 100%;\">\n<tbody>\n<tr>\n<td style=\"width: 50%;\"><img decoding=\"async\" class=\"lazyload alignnone wp-image-3908 size-full\" src=\"https:\/\/silecrafts.com\/wp-content\/uploads\/2026\/03\/10.jpg\" data-orig-src=\"https:\/\/silecrafts.com\/wp-content\/uploads\/2026\/03\/10.jpg\" alt=\"Memfarenda magnet-kompleto por fridujo\" width=\"1900\" height=\"1900\" srcset=\"data:image\/svg+xml,%3Csvg%20xmlns%3D%27http%3A%2F%2Fwww.w3.org%2F2000%2Fsvg%27%20width%3D%271900%27%20height%3D%271900%27%20viewBox%3D%270%200%201900%201900%27%3E%3Crect%20width%3D%271900%27%20height%3D%271900%27%20fill-opacity%3D%220%22%2F%3E%3C%2Fsvg%3E\" data-srcset=\"https:\/\/silecrafts.com\/wp-content\/uploads\/2026\/03\/10-12x12.jpg 12w, https:\/\/silecrafts.com\/wp-content\/uploads\/2026\/03\/10-66x66.jpg 66w, https:\/\/silecrafts.com\/wp-content\/uploads\/2026\/03\/10-150x150.jpg 150w, https:\/\/silecrafts.com\/wp-content\/uploads\/2026\/03\/10-200x200.jpg 200w, https:\/\/silecrafts.com\/wp-content\/uploads\/2026\/03\/10-300x300.jpg 300w, https:\/\/silecrafts.com\/wp-content\/uploads\/2026\/03\/10-400x400.jpg 400w, https:\/\/silecrafts.com\/wp-content\/uploads\/2026\/03\/10-500x500.jpg 500w, https:\/\/silecrafts.com\/wp-content\/uploads\/2026\/03\/10-600x600.jpg 600w, https:\/\/silecrafts.com\/wp-content\/uploads\/2026\/03\/10-700x700.jpg 700w, https:\/\/silecrafts.com\/wp-content\/uploads\/2026\/03\/10-768x768.jpg 768w, https:\/\/silecrafts.com\/wp-content\/uploads\/2026\/03\/10-800x800.jpg 800w, https:\/\/silecrafts.com\/wp-content\/uploads\/2026\/03\/10-1024x1024.jpg 1024w, https:\/\/silecrafts.com\/wp-content\/uploads\/2026\/03\/10-1200x1200.jpg 1200w, https:\/\/silecrafts.com\/wp-content\/uploads\/2026\/03\/10-1536x1536.jpg 1536w, https:\/\/silecrafts.com\/wp-content\/uploads\/2026\/03\/10.jpg 1900w\" data-sizes=\"auto\" data-orig-sizes=\"(max-width: 1900px) 100vw, 1900px\" \/><\/td>\n<td style=\"width: 50%;\"><img decoding=\"async\" class=\"lazyload alignnone size-full wp-image-3913\" src=\"https:\/\/silecrafts.com\/wp-content\/uploads\/2026\/03\/21.jpg\" data-orig-src=\"https:\/\/silecrafts.com\/wp-content\/uploads\/2026\/03\/21.jpg\" alt=\"\" width=\"1900\" height=\"1900\" srcset=\"data:image\/svg+xml,%3Csvg%20xmlns%3D%27http%3A%2F%2Fwww.w3.org%2F2000%2Fsvg%27%20width%3D%271900%27%20height%3D%271900%27%20viewBox%3D%270%200%201900%201900%27%3E%3Crect%20width%3D%271900%27%20height%3D%271900%27%20fill-opacity%3D%220%22%2F%3E%3C%2Fsvg%3E\" data-srcset=\"https:\/\/silecrafts.com\/wp-content\/uploads\/2026\/03\/21-12x12.jpg 12w, https:\/\/silecrafts.com\/wp-content\/uploads\/2026\/03\/21-66x66.jpg 66w, https:\/\/silecrafts.com\/wp-content\/uploads\/2026\/03\/21-150x150.jpg 150w, https:\/\/silecrafts.com\/wp-content\/uploads\/2026\/03\/21-200x200.jpg 200w, https:\/\/silecrafts.com\/wp-content\/uploads\/2026\/03\/21-300x300.jpg 300w, https:\/\/silecrafts.com\/wp-content\/uploads\/2026\/03\/21-400x400.jpg 400w, https:\/\/silecrafts.com\/wp-content\/uploads\/2026\/03\/21-500x500.jpg 500w, https:\/\/silecrafts.com\/wp-content\/uploads\/2026\/03\/21-600x600.jpg 600w, https:\/\/silecrafts.com\/wp-content\/uploads\/2026\/03\/21-700x700.jpg 700w, https:\/\/silecrafts.com\/wp-content\/uploads\/2026\/03\/21-768x768.jpg 768w, https:\/\/silecrafts.com\/wp-content\/uploads\/2026\/03\/21-800x800.jpg 800w, https:\/\/silecrafts.com\/wp-content\/uploads\/2026\/03\/21-1024x1024.jpg 1024w, https:\/\/silecrafts.com\/wp-content\/uploads\/2026\/03\/21-1200x1200.jpg 1200w, https:\/\/silecrafts.com\/wp-content\/uploads\/2026\/03\/21-1536x1536.jpg 1536w, https:\/\/silecrafts.com\/wp-content\/uploads\/2026\/03\/21.jpg 1900w\" data-sizes=\"auto\" data-orig-sizes=\"(max-width: 1900px) 100vw, 1900px\" \/><\/td>\n<\/tr>\n<tr>\n<td style=\"width: 50%;\"><\/td>\n<td style=\"width: 50%;\"><\/td>\n<\/tr>\n<\/tbody>\n<\/table>\n<h1 data-section-id=\"19wyzz3\" data-start=\"2574\" data-end=\"2598\"><span style=\"font-size: 12pt;\">Kial elekti Sile Crafts<\/span><\/h1>\n<ul data-start=\"2600\" data-end=\"2838\">\n<li data-section-id=\"jqhhug\" data-start=\"2600\" data-end=\"2641\">\n<p data-start=\"2602\" data-end=\"2641\"><span style=\"font-size: 12pt;\">Profesia <strong data-start=\"2615\" data-end=\"2641\">fabrikanto de libroangulejo<\/strong><\/span><\/p>\n<\/li>\n<li data-section-id=\"1ycxzey\" data-start=\"2642\" data-end=\"2696\">\n<p data-start=\"2644\" data-end=\"2696\"><span style=\"font-size: 12pt;\">Forta <strong data-start=\"2651\" data-end=\"2696\">kapablo pri dezajno kaj produkta evoluigo<\/strong><\/span><\/p>\n<\/li>\n<li data-section-id=\"qha5r2\" data-start=\"2697\" data-end=\"2734\">\n<p data-start=\"2699\" data-end=\"2734\"><span style=\"font-size: 12pt;\">Stabila <strong data-start=\"2706\" data-end=\"2734\">kapacito de amasproduktado<\/strong><\/span><\/p>\n<\/li>\n<li data-section-id=\"u6l3nt\" data-start=\"2735\" data-end=\"2783\">\n<p data-start=\"2737\" data-end=\"2783\"><span style=\"font-size: 12pt;\">Fidinda <strong data-start=\"2746\" data-end=\"2783\">Subteno OEM\/ODM por tutmondaj markoj<\/strong><\/span><\/p>\n<\/li>\n<li data-section-id=\"1jzpcwi\" data-start=\"2784\" data-end=\"2838\">\n<p data-start=\"2786\" data-end=\"2838\"><span style=\"font-size: 12pt;\">Konsistenta kvalito-kontrolo kaj preciza fabrikado<\/span><\/p>\n<\/li>\n<\/ul>\n<p data-start=\"2840\" data-end=\"2963\"><span style=\"font-size: 12pt;\">Nia celo estas helpi markojn lan\u0109i\u011di. <strong data-start=\"2874\" data-end=\"2908\">distingaj memfaraj metiaj produktoj<\/strong> kiuj kombinas kreemon, kvaliton kaj fidindan provizon.<\/span><\/p>\n<p data-start=\"2840\" data-end=\"2963\">","protected":false},"excerpt":{"rendered":"<ul>\n<li data-start=\"103\" data-end=\"116\">\n<p data-start=\"105\" data-end=\"116\"><strong data-start=\"105\" data-end=\"114\">Modelo:<\/strong> RFM06<\/p>\n<\/li>\n<li data-start=\"117\" data-end=\"146\">\n<p data-start=\"119\" data-end=\"146\"><strong data-start=\"119\" data-end=\"144\">Grandeco de la finita produkto: <\/strong>6,5 cm L * 3,2 cm Lg * 10 cm A<\/p>\n<\/li>\n<li data-start=\"147\" data-end=\"171\">\n<p data-start=\"149\" data-end=\"171\"><strong data-start=\"149\" data-end=\"169\">Agordi paka\u0135an grandecon: <\/strong><span data-start=\"149\" data-end=\"169\">18 cm L * 13 cm L * 1,8 cm A<\/span><\/p>\n<\/li>\n<li data-start=\"147\" data-end=\"171\">\n<p data-start=\"149\" data-end=\"171\"><strong data-start=\"174\" data-end=\"194\">Pezo (po aro):<\/strong>0,128 kg<\/p>\n<\/li>\n<li data-start=\"197\" data-end=\"224\">\n<p data-start=\"199\" data-end=\"224\"><strong data-start=\"199\" data-end=\"222\">Kvanto po kartono: <\/strong>102 aroj<\/p>\n<\/li>\n<li data-start=\"225\" data-end=\"244\">\n<p data-start=\"227\" data-end=\"244\"><strong data-start=\"227\" data-end=\"242\">Kartonsa grandeco: <\/strong>39,5cm*32cm*40cm<\/p>\n<\/li>\n<li data-start=\"245\" data-end=\"283\">\n<p data-start=\"247\" data-end=\"283\"><strong data-start=\"247\" data-end=\"260\">Materialo:<\/strong> Ligna puzlo<\/p>\n<\/li>\n<li data-start=\"284\" data-end=\"328\">\n<p data-start=\"286\" data-end=\"328\"><strong data-start=\"286\" data-end=\"298\">Procezo:<\/strong> UV-presado + lasera tran\u0109ado<\/p>\n<\/li>\n<li data-start=\"284\" data-end=\"328\">La pako enhavas: 24 lignajn komponantojn, magnetan glumarkon, elektronikan kompleton, plastajn akcesora\u0135ojn.<\/li>\n<\/ul>","protected":false},"featured_media":3917,"comment_status":"open","ping_status":"closed","template":"","meta":{"content-type":"","_uag_custom_page_level_css":""},"product_brand":[],"product_cat":[46],"product_tag":[],"class_list":{"0":"post-3924","1":"product","2":"type-product","3":"status-publish","4":"has-post-thumbnail","6":"product_cat-3d-wooden-puzzle-refrigerator-magnet","8":"first","9":"instock","10":"shipping-taxable","11":"product-type-simple"},"uagb_featured_image_src":{"full":["https:\/\/silecrafts.com\/wp-content\/uploads\/2026\/03\/10-1.jpg",1400,1400,false],"thumbnail":["https:\/\/silecrafts.com\/wp-content\/uploads\/2026\/03\/10-1-150x150.jpg",150,150,true],"medium":["https:\/\/silecrafts.com\/wp-content\/uploads\/2026\/03\/10-1-300x300.jpg",300,300,true],"medium_large":["https:\/\/silecrafts.com\/wp-content\/uploads\/2026\/03\/10-1-768x768.jpg",768,768,true],"large":["https:\/\/silecrafts.com\/wp-content\/uploads\/2026\/03\/10-1-1024x1024.jpg",1024,1024,true],"1536x1536":["https:\/\/silecrafts.com\/wp-content\/uploads\/2026\/03\/10-1.jpg",1400,1400,false],"2048x2048":["https:\/\/silecrafts.com\/wp-content\/uploads\/2026\/03\/10-1.jpg",1400,1400,false],"trp-custom-language-flag":["https:\/\/silecrafts.com\/wp-content\/uploads\/2026\/03\/10-1-12x12.jpg",12,12,true],"blog-large":["https:\/\/silecrafts.com\/wp-content\/uploads\/2026\/03\/10-1-669x272.jpg",669,272,true],"blog-medium":["https:\/\/silecrafts.com\/wp-content\/uploads\/2026\/03\/10-1-320x202.jpg",320,202,true],"recent-posts":["https:\/\/silecrafts.com\/wp-content\/uploads\/2026\/03\/10-1-700x441.jpg",700,441,true],"recent-works-thumbnail":["https:\/\/silecrafts.com\/wp-content\/uploads\/2026\/03\/10-1-66x66.jpg",66,66,true],"fusion-200":["https:\/\/silecrafts.com\/wp-content\/uploads\/2026\/03\/10-1-200x200.jpg",200,200,true],"fusion-400":["https:\/\/silecrafts.com\/wp-content\/uploads\/2026\/03\/10-1-400x400.jpg",400,400,true],"fusion-600":["https:\/\/silecrafts.com\/wp-content\/uploads\/2026\/03\/10-1-600x600.jpg",600,600,true],"fusion-800":["https:\/\/silecrafts.com\/wp-content\/uploads\/2026\/03\/10-1-800x800.jpg",800,800,true],"fusion-1200":["https:\/\/silecrafts.com\/wp-content\/uploads\/2026\/03\/10-1-1200x1200.jpg",1200,1200,true],"portfolio-full":["https:\/\/silecrafts.com\/wp-content\/uploads\/2026\/03\/10-1-940x400.jpg",940,400,true],"portfolio-one":["https:\/\/silecrafts.com\/wp-content\/uploads\/2026\/03\/10-1-540x272.jpg",540,272,true],"portfolio-two":["https:\/\/silecrafts.com\/wp-content\/uploads\/2026\/03\/10-1-460x295.jpg",460,295,true],"portfolio-three":["https:\/\/silecrafts.com\/wp-content\/uploads\/2026\/03\/10-1-300x214.jpg",300,214,true],"portfolio-five":["https:\/\/silecrafts.com\/wp-content\/uploads\/2026\/03\/10-1-177x142.jpg",177,142,true],"woocommerce_thumbnail":["https:\/\/silecrafts.com\/wp-content\/uploads\/2026\/03\/10-1-500x500.jpg",500,500,true],"woocommerce_single":["https:\/\/silecrafts.com\/wp-content\/uploads\/2026\/03\/10-1-700x700.jpg",700,700,true],"woocommerce_gallery_thumbnail":["https:\/\/silecrafts.com\/wp-content\/uploads\/2026\/03\/10-1-200x200.jpg",200,200,true]},"uagb_author_info":{"display_name":"admin","author_link":"https:\/\/silecrafts.com\/eo\/author\/"},"uagb_comment_info":0,"uagb_excerpt":"Model: RFM06 Finished Product Size: 6.5cmL*3.2cmW*10cmH Set Package Size: 18cmL*13cmW*1.8cmH Weight (per set):0.128kgs Quantity per Carton: 102 sets Carton Size: 39.5cm*32cm*40cm Material: Wooden Jigsaw Puzzle Process: UV Printing + Laser Cutting Packet include:\u00a0 24pcs wooden components, magnetic sticker, electronic kit, plastic accessories","_links":{"self":[{"href":"https:\/\/silecrafts.com\/eo\/wp-json\/wp\/v2\/product\/3924","targetHints":{"allow":["GET"]}}],"collection":[{"href":"https:\/\/silecrafts.com\/eo\/wp-json\/wp\/v2\/product"}],"about":[{"href":"https:\/\/silecrafts.com\/eo\/wp-json\/wp\/v2\/types\/product"}],"replies":[{"embeddable":true,"href":"https:\/\/silecrafts.com\/eo\/wp-json\/wp\/v2\/comments?post=3924"}],"wp:featuredmedia":[{"embeddable":true,"href":"https:\/\/silecrafts.com\/eo\/wp-json\/wp\/v2\/media\/3917"}],"wp:attachment":[{"href":"https:\/\/silecrafts.com\/eo\/wp-json\/wp\/v2\/media?parent=3924"}],"wp:term":[{"taxonomy":"product_brand","embeddable":true,"href":"https:\/\/silecrafts.com\/eo\/wp-json\/wp\/v2\/product_brand?post=3924"},{"taxonomy":"product_cat","embeddable":true,"href":"https:\/\/silecrafts.com\/eo\/wp-json\/wp\/v2\/product_cat?post=3924"},{"taxonomy":"product_tag","embeddable":true,"href":"https:\/\/silecrafts.com\/eo\/wp-json\/wp\/v2\/product_tag?post=3924"}],"curies":[{"name":"wp","href":"https:\/\/api.w.org\/{rel}","templated":true}]}}