{"id":3732,"date":"2026-03-05T23:57:53","date_gmt":"2026-03-05T23:57:53","guid":{"rendered":"https:\/\/silecrafts.com\/?post_type=product&#038;p=3732"},"modified":"2026-03-25T09:57:26","modified_gmt":"2026-03-25T09:57:26","slug":"book-nook-diy-kit","status":"publish","type":"product","link":"https:\/\/silecrafts.com\/eo\/product\/book-nook-diy-kit\/","title":{"rendered":"ETKVR Memfarenda Libro-angula Kompleto \u2013 Mistera Blua Skatolo"},"content":{"rendered":"<p data-start=\"206\" data-end=\"875\">The Book Nook Diy Kit is a miniature bookshelf insert designed to transform an ordinary bookcase into a stunning storytelling scene. Made from high-quality <strong data-start=\"366\" data-end=\"430\">Lignaj puzlecpecoj kun natura teksturo de ligno.<\/strong>, \u0109iu kompleto estas fabrikata uzante <strong data-start=\"463\" data-end=\"506\">UV-presado kaj preciza lasera tran\u0109ado<\/strong> por certigi vivajn grafika\u0135ojn, precizan kongruon kaj glatan muntadon. La libroangulo anka\u016d havas integritan <strong data-start=\"614\" data-end=\"642\">LED-blua lumigsistemo<\/strong>, kreante realisman etoson kaj permesante al la miniatura sceno vivi\u011di sur via librobreto. La LED-lumo provizas mildan \u0109irka\u016dan brilon kaj povas funkcii sen\u0109ese dum <strong data-start=\"818\" data-end=\"832\">Ok \u011dis dek horoj<\/strong>, igante \u011din kaj ornama kaj funkcia.<\/p>\n<h3 data-section-id=\"1iz91iu\" data-start=\"877\" data-end=\"893\">Book Nook Diy Kit Key Features<\/h3>\n<ul data-start=\"895\" data-end=\"1883\">\n<li data-section-id=\"1nr8gek\" data-start=\"895\" data-end=\"1072\">\n<p data-start=\"897\" data-end=\"1072\"><strong data-start=\"897\" data-end=\"925\">Superkvalita ligna strukturo<\/strong><br data-start=\"925\" data-end=\"928\" \/>Farita el da\u016drema <strong data-start=\"951\" data-end=\"982\">Lignaj puzlopaneloj<\/strong> kun natura lignoteksturo, provizante stabilecon kaj altkvalitan manfaritan aspekton.<\/p>\n<\/li>\n<li data-section-id=\"1atgzny\" data-start=\"1074\" data-end=\"1249\">\n<p data-start=\"1076\" data-end=\"1249\"><strong data-start=\"1076\" data-end=\"1103\">Preciza fabrikado<\/strong><br data-start=\"1103\" data-end=\"1106\" \/>Produktita uzante altnivelan <strong data-start=\"1132\" data-end=\"1174\">UV-presado + lasera tran\u0109a teknologio<\/strong>, certigante purajn randojn, precizan muntadon, kaj viglajn longda\u016drajn kolorojn.<\/p>\n<\/li>\n<li data-section-id=\"su5hju\" data-start=\"1251\" data-end=\"1403\">\n<p data-start=\"1253\" data-end=\"1403\"><strong data-start=\"1253\" data-end=\"1281\">Varma LED-luma efiko<\/strong><br data-start=\"1281\" data-end=\"1284\" \/>Enkonstruita <strong data-start=\"1295\" data-end=\"1313\">varmeta LED-lumo<\/strong> plibonigas la profundecon kaj realecon de la miniat\u016dra sceno, kreante komfortan kaj imersan prezenton.<\/p>\n<\/li>\n<li data-section-id=\"1482ko5\" data-start=\"1405\" data-end=\"1557\">\n<p data-start=\"1407\" data-end=\"1557\"><strong data-start=\"1407\" data-end=\"1436\">Longda\u016dra lumigo<\/strong><br data-start=\"1436\" data-end=\"1439\" \/>La LED-lumigsistemo subtenas <strong data-start=\"1474\" data-end=\"1506\">8\u201310 horoj da kontinua uzo<\/strong>, ideala por breta ornamado a\u016d nokta etoso.<\/p>\n<\/li>\n<li data-section-id=\"1szeiia\" data-start=\"1559\" data-end=\"1704\">\n<p data-start=\"1561\" data-end=\"1704\"><strong data-start=\"1561\" data-end=\"1588\">Krea memfarada sperto<\/strong><br data-start=\"1588\" data-end=\"1591\" \/>\u0108iu kompleto provizas allogan praktikan kunmetan procezon, kombinante kreemon, metiistecon kaj rakontadon.<\/p>\n<\/li>\n<li data-section-id=\"48j9v8\" data-start=\"1706\" data-end=\"1883\">\n<p data-start=\"1708\" data-end=\"1883\"><strong data-start=\"1708\" data-end=\"1729\">Subteno por OEM kaj ODM<\/strong><br data-start=\"1729\" data-end=\"1732\" \/>Kiel profesiulo <strong data-start=\"1752\" data-end=\"1782\">Book Nook Diy Kit manufacturer<\/strong>, ni subtenas tutmondajn markojn kun <strong data-start=\"1814\" data-end=\"1882\">personigitaj temoj, paka\u0135ado, markado, kaj produktado de privatetikedaj produktoj<\/strong><\/p>\n<\/li>\n<\/ul>\n<p>&nbsp;<\/p>\n<table style=\"border-collapse: collapse; width: 100%;\">\n<tbody>\n<tr>\n<td style=\"width: 50%;\"><img decoding=\"async\" class=\"lazyload alignnone wp-image-3737 size-full\" src=\"https:\/\/silecrafts.com\/wp-content\/uploads\/2026\/03\/5.png\" data-orig-src=\"https:\/\/silecrafts.com\/wp-content\/uploads\/2026\/03\/5.png\" alt=\"Libroangula memfarada kompleto\" width=\"1600\" height=\"1600\" srcset=\"data:image\/svg+xml,%3Csvg%20xmlns%3D%27http%3A%2F%2Fwww.w3.org%2F2000%2Fsvg%27%20width%3D%271600%27%20height%3D%271600%27%20viewBox%3D%270%200%201600%201600%27%3E%3Crect%20width%3D%271600%27%20height%3D%271600%27%20fill-opacity%3D%220%22%2F%3E%3C%2Fsvg%3E\" data-srcset=\"https:\/\/silecrafts.com\/wp-content\/uploads\/2026\/03\/5-12x12.png 12w, https:\/\/silecrafts.com\/wp-content\/uploads\/2026\/03\/5-66x66.png 66w, https:\/\/silecrafts.com\/wp-content\/uploads\/2026\/03\/5-150x150.png 150w, https:\/\/silecrafts.com\/wp-content\/uploads\/2026\/03\/5-200x200.png 200w, https:\/\/silecrafts.com\/wp-content\/uploads\/2026\/03\/5-300x300.png 300w, https:\/\/silecrafts.com\/wp-content\/uploads\/2026\/03\/5-400x400.png 400w, https:\/\/silecrafts.com\/wp-content\/uploads\/2026\/03\/5-500x500.png 500w, https:\/\/silecrafts.com\/wp-content\/uploads\/2026\/03\/5-600x600.png 600w, https:\/\/silecrafts.com\/wp-content\/uploads\/2026\/03\/5-700x700.png 700w, https:\/\/silecrafts.com\/wp-content\/uploads\/2026\/03\/5-768x768.png 768w, https:\/\/silecrafts.com\/wp-content\/uploads\/2026\/03\/5-800x800.png 800w, https:\/\/silecrafts.com\/wp-content\/uploads\/2026\/03\/5-1024x1024.png 1024w, https:\/\/silecrafts.com\/wp-content\/uploads\/2026\/03\/5-1200x1200.png 1200w, https:\/\/silecrafts.com\/wp-content\/uploads\/2026\/03\/5-1536x1536.png 1536w, https:\/\/silecrafts.com\/wp-content\/uploads\/2026\/03\/5.png 1600w\" data-sizes=\"auto\" data-orig-sizes=\"(max-width: 1600px) 100vw, 1600px\" \/><\/td>\n<td style=\"width: 50%;\"><img decoding=\"async\" class=\"lazyload alignnone size-full wp-image-3736\" src=\"https:\/\/silecrafts.com\/wp-content\/uploads\/2026\/03\/4.png\" data-orig-src=\"https:\/\/silecrafts.com\/wp-content\/uploads\/2026\/03\/4.png\" alt=\"\" width=\"1600\" height=\"1600\" srcset=\"data:image\/svg+xml,%3Csvg%20xmlns%3D%27http%3A%2F%2Fwww.w3.org%2F2000%2Fsvg%27%20width%3D%271600%27%20height%3D%271600%27%20viewBox%3D%270%200%201600%201600%27%3E%3Crect%20width%3D%271600%27%20height%3D%271600%27%20fill-opacity%3D%220%22%2F%3E%3C%2Fsvg%3E\" data-srcset=\"https:\/\/silecrafts.com\/wp-content\/uploads\/2026\/03\/4-12x12.png 12w, https:\/\/silecrafts.com\/wp-content\/uploads\/2026\/03\/4-66x66.png 66w, https:\/\/silecrafts.com\/wp-content\/uploads\/2026\/03\/4-150x150.png 150w, https:\/\/silecrafts.com\/wp-content\/uploads\/2026\/03\/4-200x200.png 200w, https:\/\/silecrafts.com\/wp-content\/uploads\/2026\/03\/4-300x300.png 300w, https:\/\/silecrafts.com\/wp-content\/uploads\/2026\/03\/4-400x400.png 400w, https:\/\/silecrafts.com\/wp-content\/uploads\/2026\/03\/4-500x500.png 500w, https:\/\/silecrafts.com\/wp-content\/uploads\/2026\/03\/4-600x600.png 600w, https:\/\/silecrafts.com\/wp-content\/uploads\/2026\/03\/4-700x700.png 700w, https:\/\/silecrafts.com\/wp-content\/uploads\/2026\/03\/4-768x768.png 768w, https:\/\/silecrafts.com\/wp-content\/uploads\/2026\/03\/4-800x800.png 800w, https:\/\/silecrafts.com\/wp-content\/uploads\/2026\/03\/4-1024x1024.png 1024w, https:\/\/silecrafts.com\/wp-content\/uploads\/2026\/03\/4-1200x1200.png 1200w, https:\/\/silecrafts.com\/wp-content\/uploads\/2026\/03\/4-1536x1536.png 1536w, https:\/\/silecrafts.com\/wp-content\/uploads\/2026\/03\/4.png 1600w\" data-sizes=\"auto\" data-orig-sizes=\"(max-width: 1600px) 100vw, 1600px\" \/><\/td>\n<\/tr>\n<tr>\n<td style=\"width: 50%;\"><img decoding=\"async\" class=\"lazyload alignnone size-full wp-image-3735\" src=\"https:\/\/silecrafts.com\/wp-content\/uploads\/2026\/03\/3.png\" data-orig-src=\"https:\/\/silecrafts.com\/wp-content\/uploads\/2026\/03\/3.png\" alt=\"\" width=\"1600\" height=\"1600\" srcset=\"data:image\/svg+xml,%3Csvg%20xmlns%3D%27http%3A%2F%2Fwww.w3.org%2F2000%2Fsvg%27%20width%3D%271600%27%20height%3D%271600%27%20viewBox%3D%270%200%201600%201600%27%3E%3Crect%20width%3D%271600%27%20height%3D%271600%27%20fill-opacity%3D%220%22%2F%3E%3C%2Fsvg%3E\" data-srcset=\"https:\/\/silecrafts.com\/wp-content\/uploads\/2026\/03\/3-12x12.png 12w, https:\/\/silecrafts.com\/wp-content\/uploads\/2026\/03\/3-66x66.png 66w, https:\/\/silecrafts.com\/wp-content\/uploads\/2026\/03\/3-150x150.png 150w, https:\/\/silecrafts.com\/wp-content\/uploads\/2026\/03\/3-200x200.png 200w, https:\/\/silecrafts.com\/wp-content\/uploads\/2026\/03\/3-300x300.png 300w, https:\/\/silecrafts.com\/wp-content\/uploads\/2026\/03\/3-400x400.png 400w, https:\/\/silecrafts.com\/wp-content\/uploads\/2026\/03\/3-500x500.png 500w, https:\/\/silecrafts.com\/wp-content\/uploads\/2026\/03\/3-600x600.png 600w, https:\/\/silecrafts.com\/wp-content\/uploads\/2026\/03\/3-700x700.png 700w, https:\/\/silecrafts.com\/wp-content\/uploads\/2026\/03\/3-768x768.png 768w, https:\/\/silecrafts.com\/wp-content\/uploads\/2026\/03\/3-800x800.png 800w, https:\/\/silecrafts.com\/wp-content\/uploads\/2026\/03\/3-1024x1024.png 1024w, https:\/\/silecrafts.com\/wp-content\/uploads\/2026\/03\/3-1200x1200.png 1200w, https:\/\/silecrafts.com\/wp-content\/uploads\/2026\/03\/3-1536x1536.png 1536w, https:\/\/silecrafts.com\/wp-content\/uploads\/2026\/03\/3.png 1600w\" data-sizes=\"auto\" data-orig-sizes=\"(max-width: 1600px) 100vw, 1600px\" \/><\/td>\n<td style=\"width: 50%;\"><img decoding=\"async\" class=\"lazyload alignnone size-full wp-image-3734\" src=\"https:\/\/silecrafts.com\/wp-content\/uploads\/2026\/03\/2.png\" data-orig-src=\"https:\/\/silecrafts.com\/wp-content\/uploads\/2026\/03\/2.png\" alt=\"\" width=\"1600\" height=\"1600\" srcset=\"data:image\/svg+xml,%3Csvg%20xmlns%3D%27http%3A%2F%2Fwww.w3.org%2F2000%2Fsvg%27%20width%3D%271600%27%20height%3D%271600%27%20viewBox%3D%270%200%201600%201600%27%3E%3Crect%20width%3D%271600%27%20height%3D%271600%27%20fill-opacity%3D%220%22%2F%3E%3C%2Fsvg%3E\" data-srcset=\"https:\/\/silecrafts.com\/wp-content\/uploads\/2026\/03\/2-12x12.png 12w, https:\/\/silecrafts.com\/wp-content\/uploads\/2026\/03\/2-66x66.png 66w, https:\/\/silecrafts.com\/wp-content\/uploads\/2026\/03\/2-150x150.png 150w, https:\/\/silecrafts.com\/wp-content\/uploads\/2026\/03\/2-200x200.png 200w, https:\/\/silecrafts.com\/wp-content\/uploads\/2026\/03\/2-300x300.png 300w, https:\/\/silecrafts.com\/wp-content\/uploads\/2026\/03\/2-400x400.png 400w, https:\/\/silecrafts.com\/wp-content\/uploads\/2026\/03\/2-500x500.png 500w, https:\/\/silecrafts.com\/wp-content\/uploads\/2026\/03\/2-600x600.png 600w, https:\/\/silecrafts.com\/wp-content\/uploads\/2026\/03\/2-700x700.png 700w, https:\/\/silecrafts.com\/wp-content\/uploads\/2026\/03\/2-768x768.png 768w, https:\/\/silecrafts.com\/wp-content\/uploads\/2026\/03\/2-800x800.png 800w, https:\/\/silecrafts.com\/wp-content\/uploads\/2026\/03\/2-1024x1024.png 1024w, https:\/\/silecrafts.com\/wp-content\/uploads\/2026\/03\/2-1200x1200.png 1200w, https:\/\/silecrafts.com\/wp-content\/uploads\/2026\/03\/2-1536x1536.png 1536w, https:\/\/silecrafts.com\/wp-content\/uploads\/2026\/03\/2.png 1600w\" data-sizes=\"auto\" data-orig-sizes=\"(max-width: 1600px) 100vw, 1600px\" \/><\/td>\n<\/tr>\n<\/tbody>\n<\/table>\n<h1 data-section-id=\"19wyzz3\" data-start=\"2574\" data-end=\"2598\"><span style=\"font-size: 12pt;\">Kial elekti Sile Crafts<\/span><\/h1>\n<ul data-start=\"2600\" data-end=\"2838\">\n<li data-section-id=\"jqhhug\" data-start=\"2600\" data-end=\"2641\">\n<p data-start=\"2602\" data-end=\"2641\"><span style=\"font-size: 12pt;\">Profesia <strong data-start=\"2615\" data-end=\"2641\">fabrikanto de libroangulejo<\/strong><\/span><\/p>\n<\/li>\n<li data-section-id=\"1ycxzey\" data-start=\"2642\" data-end=\"2696\">\n<p data-start=\"2644\" data-end=\"2696\"><span style=\"font-size: 12pt;\">Forta <strong data-start=\"2651\" data-end=\"2696\">kapablo pri dezajno kaj produkta evoluigo<\/strong><\/span><\/p>\n<\/li>\n<li data-section-id=\"qha5r2\" data-start=\"2697\" data-end=\"2734\">\n<p data-start=\"2699\" data-end=\"2734\"><span style=\"font-size: 12pt;\">Stabila <strong data-start=\"2706\" data-end=\"2734\">kapacito de amasproduktado<\/strong><\/span><\/p>\n<\/li>\n<li data-section-id=\"u6l3nt\" data-start=\"2735\" data-end=\"2783\">\n<p data-start=\"2737\" data-end=\"2783\"><span style=\"font-size: 12pt;\">Fidinda <strong data-start=\"2746\" data-end=\"2783\">Subteno OEM\/ODM por tutmondaj markoj<\/strong><\/span><\/p>\n<\/li>\n<li data-section-id=\"1jzpcwi\" data-start=\"2784\" data-end=\"2838\">\n<p data-start=\"2786\" data-end=\"2838\"><span style=\"font-size: 12pt;\">Konsistenta kvalito-kontrolo kaj preciza fabrikado<\/span><\/p>\n<\/li>\n<\/ul>\n<p data-start=\"2840\" data-end=\"2963\"><span style=\"font-size: 12pt;\">Nia celo estas helpi markojn lan\u0109i\u011di. <strong data-start=\"2874\" data-end=\"2908\">distingaj memfaraj metiaj produktoj<\/strong> kiuj kombinas kreemon, kvaliton kaj fidindan provizon.<\/span><\/p>\n<p data-start=\"2840\" data-end=\"2963\">","protected":false},"excerpt":{"rendered":"<ul>\n<li data-start=\"103\" data-end=\"116\">\n<p data-start=\"105\" data-end=\"116\"><strong data-start=\"105\" data-end=\"114\">Modelo:<\/strong> CH08<\/p>\n<\/li>\n<li data-start=\"117\" data-end=\"146\">\n<p data-start=\"119\" data-end=\"146\"><strong data-start=\"119\" data-end=\"144\">Grandeco de la finita produkto:<\/strong>18cmL*13cmW*23.5cmH<\/p>\n<\/li>\n<li data-start=\"147\" data-end=\"171\">\n<p data-start=\"149\" data-end=\"171\"><strong data-start=\"149\" data-end=\"169\">Agordi paka\u0135an grandecon:<\/strong>29,9 cm L * 19,2 cm L * 5,4 cm A<\/p>\n<\/li>\n<li data-start=\"172\" data-end=\"196\">\n<p data-start=\"174\" data-end=\"196\"><strong data-start=\"174\" data-end=\"194\">Pezo (po aro):<\/strong>1.29KG<\/p>\n<\/li>\n<li data-start=\"197\" data-end=\"224\">\n<p data-start=\"199\" data-end=\"224\"><strong data-start=\"199\" data-end=\"222\">Kvanto po kartono: <\/strong>14 aroj<\/p>\n<\/li>\n<li data-start=\"225\" data-end=\"244\">\n<p data-start=\"227\" data-end=\"244\"><strong data-start=\"227\" data-end=\"242\">Kartonsa grandeco: <\/strong>39,5cm*32cm*40cm<\/p>\n<\/li>\n<li data-start=\"245\" data-end=\"283\">\n<p data-start=\"247\" data-end=\"283\"><strong data-start=\"247\" data-end=\"260\">Materialo:<\/strong> Ligna puzlo<\/p>\n<\/li>\n<li data-start=\"284\" data-end=\"328\">\n<p data-start=\"286\" data-end=\"328\"><strong data-start=\"286\" data-end=\"298\">Procezo:<\/strong> UV-presado + lasera tran\u0109ado<\/p>\n<\/li>\n<li data-start=\"284\" data-end=\"328\">Packet include : 256pcs components, battery box and wires, instruction manual, paper accessories and dust cover<\/li>\n<\/ul>","protected":false},"featured_media":3743,"comment_status":"open","ping_status":"closed","template":"","meta":{"content-type":"","_uag_custom_page_level_css":""},"product_brand":[],"product_cat":[40],"product_tag":[],"class_list":{"0":"post-3732","1":"product","2":"type-product","3":"status-publish","4":"has-post-thumbnail","6":"product_cat-diy-book-nook-kit","8":"first","9":"instock","10":"shipping-taxable","11":"product-type-simple"},"uagb_featured_image_src":{"full":["https:\/\/silecrafts.com\/wp-content\/uploads\/2026\/03\/6.png",1600,1600,false],"thumbnail":["https:\/\/silecrafts.com\/wp-content\/uploads\/2026\/03\/6-150x150.png",150,150,true],"medium":["https:\/\/silecrafts.com\/wp-content\/uploads\/2026\/03\/6-300x300.png",300,300,true],"medium_large":["https:\/\/silecrafts.com\/wp-content\/uploads\/2026\/03\/6-768x768.png",768,768,true],"large":["https:\/\/silecrafts.com\/wp-content\/uploads\/2026\/03\/6-1024x1024.png",1024,1024,true],"1536x1536":["https:\/\/silecrafts.com\/wp-content\/uploads\/2026\/03\/6-1536x1536.png",1536,1536,true],"2048x2048":["https:\/\/silecrafts.com\/wp-content\/uploads\/2026\/03\/6.png",1600,1600,false],"trp-custom-language-flag":["https:\/\/silecrafts.com\/wp-content\/uploads\/2026\/03\/6-12x12.png",12,12,true],"blog-large":["https:\/\/silecrafts.com\/wp-content\/uploads\/2026\/03\/6-669x272.png",669,272,true],"blog-medium":["https:\/\/silecrafts.com\/wp-content\/uploads\/2026\/03\/6-320x202.png",320,202,true],"recent-posts":["https:\/\/silecrafts.com\/wp-content\/uploads\/2026\/03\/6-700x441.png",700,441,true],"recent-works-thumbnail":["https:\/\/silecrafts.com\/wp-content\/uploads\/2026\/03\/6-66x66.png",66,66,true],"fusion-200":["https:\/\/silecrafts.com\/wp-content\/uploads\/2026\/03\/6-200x200.png",200,200,true],"fusion-400":["https:\/\/silecrafts.com\/wp-content\/uploads\/2026\/03\/6-400x400.png",400,400,true],"fusion-600":["https:\/\/silecrafts.com\/wp-content\/uploads\/2026\/03\/6-600x600.png",600,600,true],"fusion-800":["https:\/\/silecrafts.com\/wp-content\/uploads\/2026\/03\/6-800x800.png",800,800,true],"fusion-1200":["https:\/\/silecrafts.com\/wp-content\/uploads\/2026\/03\/6-1200x1200.png",1200,1200,true],"portfolio-full":["https:\/\/silecrafts.com\/wp-content\/uploads\/2026\/03\/6-940x400.png",940,400,true],"portfolio-one":["https:\/\/silecrafts.com\/wp-content\/uploads\/2026\/03\/6-540x272.png",540,272,true],"portfolio-two":["https:\/\/silecrafts.com\/wp-content\/uploads\/2026\/03\/6-460x295.png",460,295,true],"portfolio-three":["https:\/\/silecrafts.com\/wp-content\/uploads\/2026\/03\/6-300x214.png",300,214,true],"portfolio-five":["https:\/\/silecrafts.com\/wp-content\/uploads\/2026\/03\/6-177x142.png",177,142,true],"woocommerce_thumbnail":["https:\/\/silecrafts.com\/wp-content\/uploads\/2026\/03\/6-500x500.png",500,500,true],"woocommerce_single":["https:\/\/silecrafts.com\/wp-content\/uploads\/2026\/03\/6-700x700.png",700,700,true],"woocommerce_gallery_thumbnail":["https:\/\/silecrafts.com\/wp-content\/uploads\/2026\/03\/6-200x200.png",200,200,true]},"uagb_author_info":{"display_name":"admin","author_link":"https:\/\/silecrafts.com\/eo\/author\/"},"uagb_comment_info":0,"uagb_excerpt":"Model: CH08 Finished Product Size:18cmL*13cmW*23.5cmH Set Package Size:29.9cmL*19.2cmW*5.4cmH Weight (per set):1.29KG Quantity per Carton: 14 SETs Carton Size: 39.5cm*32cm*40cm Material: Wooden Jigsaw Puzzle Process: UV Printing + Laser Cutting Packet include : 256pcs components, battery box and wires, instruction manual, paper accessories and dust cover","_links":{"self":[{"href":"https:\/\/silecrafts.com\/eo\/wp-json\/wp\/v2\/product\/3732","targetHints":{"allow":["GET"]}}],"collection":[{"href":"https:\/\/silecrafts.com\/eo\/wp-json\/wp\/v2\/product"}],"about":[{"href":"https:\/\/silecrafts.com\/eo\/wp-json\/wp\/v2\/types\/product"}],"replies":[{"embeddable":true,"href":"https:\/\/silecrafts.com\/eo\/wp-json\/wp\/v2\/comments?post=3732"}],"wp:featuredmedia":[{"embeddable":true,"href":"https:\/\/silecrafts.com\/eo\/wp-json\/wp\/v2\/media\/3743"}],"wp:attachment":[{"href":"https:\/\/silecrafts.com\/eo\/wp-json\/wp\/v2\/media?parent=3732"}],"wp:term":[{"taxonomy":"product_brand","embeddable":true,"href":"https:\/\/silecrafts.com\/eo\/wp-json\/wp\/v2\/product_brand?post=3732"},{"taxonomy":"product_cat","embeddable":true,"href":"https:\/\/silecrafts.com\/eo\/wp-json\/wp\/v2\/product_cat?post=3732"},{"taxonomy":"product_tag","embeddable":true,"href":"https:\/\/silecrafts.com\/eo\/wp-json\/wp\/v2\/product_tag?post=3732"}],"curies":[{"name":"wp","href":"https:\/\/api.w.org\/{rel}","templated":true}]}}